{"id":79,"date":"2020-03-23T18:33:01","date_gmt":"2020-03-23T18:33:01","guid":{"rendered":"http:\/\/corona-hilfe-versuch.com\/?page_id=79"},"modified":"2020-03-27T08:53:20","modified_gmt":"2020-03-27T08:53:20","slug":"atmen","status":"publish","type":"page","link":"https:\/\/corona-hilfe-versuch.com\/?page_id=79","title":{"rendered":"Atmen"},"content":{"rendered":"\t\t<div data-elementor-type=\"wp-page\" data-elementor-id=\"79\" class=\"elementor elementor-79\">\n\t\t\t\t\t\t<section class=\"elementor-section elementor-top-section elementor-element elementor-element-7ecf112 elementor-section-boxed elementor-section-height-default elementor-section-height-default\" data-id=\"7ecf112\" data-element_type=\"section\">\n\t\t\t\t\t\t<div class=\"elementor-container elementor-column-gap-default\">\n\t\t\t\t\t<div class=\"elementor-column elementor-col-100 elementor-top-column elementor-element elementor-element-0713ff3\" data-id=\"0713ff3\" data-element_type=\"column\">\n\t\t\t<div class=\"elementor-widget-wrap elementor-element-populated\">\n\t\t\t\t\t\t<div class=\"elementor-element elementor-element-8fec6fe elementor-widget elementor-widget-text-editor\" data-id=\"8fec6fe\" data-element_type=\"widget\" data-widget_type=\"text-editor.default\">\n\t\t\t\t<div class=\"elementor-widget-container\">\n\t\t\t\t\t\t\t\t\t<h2><span style=\"text-decoration: underline;\"><strong>Lungenentz\u00fcndung + Atmung<\/strong><\/span><\/h2><h3>Entz\u00fcndung&#8230; Entz\u00fcndung&#8230; <span style=\"text-decoration: underline;\">Zwiebel<\/span> hilft bei Entz\u00fcndungen!<\/h3><div>\u00a0<\/div><ul><li style=\"list-style-type: none;\"><ul><li>Aufschneiden und auf erkrankte K\u00f6rperstelle reiben<ul><li>Nase (Augen bitte vorher schlie\u00dfen)<\/li><li>Brust<\/li><li>Hals<\/li><\/ul><\/li><li>im Essen<ul><li>klein gehackt auf einem Teel\u00f6ffel &#8222;pur&#8220; oder im Salat<\/li><li>in Scheiben auf K\u00e4sebrot<\/li><li>gebraten<\/li><\/ul><\/li><\/ul><\/li><\/ul><h3><span style=\"text-decoration: underline;\"><span style=\"text-decoration-line: underline;\">Atmung<\/span><\/span><\/h3><ul><li style=\"list-style-type: none;\"><ul><li><strong>k\u00fchle + feuchte Luft<\/strong><ul><li>Bspw. in einer H\u00f6hle. Suchen Sie mal nach &#8222;Kluterth\u00f6hle&#8220; im Internet (Wikipedia)! Speziell f\u00fcr Menschen mit Atemproblemen.<\/li><li>ein Wasserfall, ein pl\u00e4tschernder Bach, ein Spaziergang im Regen<\/li><li>Raumklima zuhause:\u00a0<br \/>am besten morgens sehr fr\u00fch l\u00fcften (oder nachts);<br \/>feuchte T\u00fccher (W\u00e4sche) aufh\u00e4ngen<\/li><\/ul><\/li><li><strong>Hals und Brust: warm<\/strong> (siehe Halsw\u00e4rmer + Brustw\u00e4rmer)<\/li><li>Kopfteil des Bettes h\u00f6her legen (notfalls mit Ordnern oder B\u00fcchern unter der Matratze)<\/li><\/ul><\/li><\/ul>\t\t\t\t\t\t\t\t<\/div>\n\t\t\t\t<\/div>\n\t\t\t\t\t<\/div>\n\t\t<\/div>\n\t\t\t\t\t<\/div>\n\t\t<\/section>\n\t\t\t\t<section class=\"elementor-section elementor-top-section elementor-element elementor-element-e45d851 elementor-section-boxed elementor-section-height-default elementor-section-height-default\" data-id=\"e45d851\" data-element_type=\"section\">\n\t\t\t\t\t\t<div class=\"elementor-container elementor-column-gap-default\">\n\t\t\t\t\t<div class=\"elementor-column elementor-col-100 elementor-top-column elementor-element elementor-element-3545c3e\" data-id=\"3545c3e\" data-element_type=\"column\">\n\t\t\t<div class=\"elementor-widget-wrap elementor-element-populated\">\n\t\t\t\t\t\t<div class=\"elementor-element elementor-element-9734d28 elementor-widget elementor-widget-text-editor\" data-id=\"9734d28\" data-element_type=\"widget\" data-widget_type=\"text-editor.default\">\n\t\t\t\t<div class=\"elementor-widget-container\">\n\t\t\t\t\t\t\t\t\t<p><span style=\"text-decoration: underline;\"><strong>Beatmungsger\u00e4te<\/strong><\/span><\/p><ul><li>Die Medien berichten immer wieder davon, dass es in Italien zu wenig Beatmungsger\u00e4te gibt&#8230;<\/li><li>Wie es bei uns werden wird, wei\u00df noch keiner&#8230;<\/li><li>Meine Idee: Es gibt doch viele Menschen, die nachts beim <span style=\"text-decoration: underline;\">Schlafen eine Atemmaske<\/span> tragen, weil sie Atemprobleme\/Atemaussetzer haben.\u00a0 Diese Masken sind nicht so effektiv wie die Beatmungsger\u00e4ten in den Kliniken. (Sie f\u00fchren nur die Raumluft mit Druck in die Lungen &#8211; weniger Sauerstoff als mit den klinischen Ger\u00e4ten &#8211; und au\u00dferdem wird die Luft nicht so tief in den K\u00f6rper eingebracht.) Dennoch denke ich,<\/li><li style=\"list-style-type: none;\"><ul><li>dass eine weniger effizientes Beatmungsger\u00e4t besser ist als gar keins,<\/li><li>man vor allem Patienten, die noch nicht so schwer erkrankt sind, damit helfen k\u00f6nnte&#8230;damit sie die klinischen (selteneren) Beatmungsger\u00e4te erst gar nicht ben\u00f6tigen.<\/li><\/ul><\/li><li><span style=\"text-decoration: underline;\">Woher nehmen?<\/span><ul><li>Industrie und Handel<\/li><li>Aufruf an die Bev\u00f6lkerung, dass alle, die ihre Maske nicht zwingend ben\u00f6tigen, ihre Ger\u00e4te an einer zentralen Stelle abgeben k\u00f6nnten.<ul><li>Selbstverst\u00e4ndlich w\u00fcrden diese Menschen nach Corona neue Masken bekommen.<\/li><li>Als vorl\u00e4ufige Hilfe w\u00fcrde jeder Spender 2 Seitenschl\u00e4ferkissen bekommen. Die helfen auch schon ein wenig. (Vermutung: Wenn man auf der Seite schl\u00e4ft, f\u00e4llt das Z\u00e4pfchen im Rachenraum nicht nach hinten (wie wenn man auf dem R\u00fccken liegt) und verstopft den Hals, sondern zur Seite. Dadurch verbleibt ein gr\u00f6\u00dferer Teil des Rachens frei zum Atmen.)<\/li><\/ul><\/li><\/ul><\/li><\/ul><ol><li>\u00a0<\/li><\/ol>\t\t\t\t\t\t\t\t<\/div>\n\t\t\t\t<\/div>\n\t\t\t\t\t<\/div>\n\t\t<\/div>\n\t\t\t\t\t<\/div>\n\t\t<\/section>\n\t\t\t\t<\/div>\n\t\t","protected":false},"excerpt":{"rendered":"<p>Lungenentz\u00fcndung + Atmung Entz\u00fcndung&#8230; Entz\u00fcndung&#8230; Zwiebel hilft bei Entz\u00fcndungen! \u00a0 Aufschneiden und auf erkrankte K\u00f6rperstelle reiben Nase (Augen bitte vorher schlie\u00dfen) Brust Hals im Essen klein gehackt auf einem Teel\u00f6ffel &#8222;pur&#8220; oder im Salat in Scheiben auf K\u00e4sebrot gebraten Atmung k\u00fchle + feuchte Luft Bspw. in einer H\u00f6hle. Suchen Sie mal nach &#8222;Kluterth\u00f6hle&#8220; im Internet &hellip; <\/p>\n<p class=\"link-more\"><a href=\"https:\/\/corona-hilfe-versuch.com\/?page_id=79\" class=\"more-link\"><span class=\"screen-reader-text\">\u201eAtmen\u201c <\/span>weiterlesen<\/a><\/p>\n","protected":false},"author":1,"featured_media":0,"parent":0,"menu_order":0,"comment_status":"closed","ping_status":"closed","template":"elementor_header_footer","meta":{"footnotes":""},"class_list":["post-79","page","type-page","status-publish","hentry"],"_links":{"self":[{"href":"https:\/\/corona-hilfe-versuch.com\/index.php?rest_route=\/wp\/v2\/pages\/79","targetHints":{"allow":["GET"]}}],"collection":[{"href":"https:\/\/corona-hilfe-versuch.com\/index.php?rest_route=\/wp\/v2\/pages"}],"about":[{"href":"https:\/\/corona-hilfe-versuch.com\/index.php?rest_route=\/wp\/v2\/types\/page"}],"author":[{"embeddable":true,"href":"https:\/\/corona-hilfe-versuch.com\/index.php?rest_route=\/wp\/v2\/users\/1"}],"replies":[{"embeddable":true,"href":"https:\/\/corona-hilfe-versuch.com\/index.php?rest_route=%2Fwp%2Fv2%2Fcomments&post=79"}],"version-history":[{"count":9,"href":"https:\/\/corona-hilfe-versuch.com\/index.php?rest_route=\/wp\/v2\/pages\/79\/revisions"}],"predecessor-version":[{"id":93,"href":"https:\/\/corona-hilfe-versuch.com\/index.php?rest_route=\/wp\/v2\/pages\/79\/revisions\/93"}],"wp:attachment":[{"href":"https:\/\/corona-hilfe-versuch.com\/index.php?rest_route=%2Fwp%2Fv2%2Fmedia&parent=79"}],"curies":[{"name":"wp","href":"https:\/\/api.w.org\/{rel}","templated":true}]}}