{"id":62,"date":"2020-03-20T18:41:21","date_gmt":"2020-03-20T18:41:21","guid":{"rendered":"http:\/\/corona-hilfe-versuch.com\/?page_id=62"},"modified":"2023-04-02T06:54:14","modified_gmt":"2023-04-02T06:54:14","slug":"brustwaermer","status":"publish","type":"page","link":"https:\/\/corona-hilfe-versuch.com\/?page_id=62","title":{"rendered":"Brustw\u00e4rmer"},"content":{"rendered":"\t\t<div data-elementor-type=\"wp-page\" data-elementor-id=\"62\" class=\"elementor elementor-62\">\n\t\t\t\t\t\t<section class=\"elementor-section elementor-top-section elementor-element elementor-element-0729627 elementor-section-boxed elementor-section-height-default elementor-section-height-default\" data-id=\"0729627\" data-element_type=\"section\">\n\t\t\t\t\t\t<div class=\"elementor-container elementor-column-gap-default\">\n\t\t\t\t\t<div class=\"elementor-column elementor-col-100 elementor-top-column elementor-element elementor-element-1741242\" data-id=\"1741242\" data-element_type=\"column\">\n\t\t\t<div class=\"elementor-widget-wrap elementor-element-populated\">\n\t\t\t\t\t\t<div class=\"elementor-element elementor-element-b3cffd4 elementor-widget elementor-widget-heading\" data-id=\"b3cffd4\" data-element_type=\"widget\" data-widget_type=\"heading.default\">\n\t\t\t\t<div class=\"elementor-widget-container\">\n\t\t\t\t\t<h2 class=\"elementor-heading-title elementor-size-default\">Brustw\u00e4rmer (bei Husten)<\/h2>\t\t\t\t<\/div>\n\t\t\t\t<\/div>\n\t\t\t\t\t<\/div>\n\t\t<\/div>\n\t\t\t\t\t<\/div>\n\t\t<\/section>\n\t\t\t\t<section class=\"elementor-section elementor-top-section elementor-element elementor-element-bf4813f elementor-section-boxed elementor-section-height-default elementor-section-height-default\" data-id=\"bf4813f\" data-element_type=\"section\">\n\t\t\t\t\t\t<div class=\"elementor-container elementor-column-gap-default\">\n\t\t\t\t\t<div class=\"elementor-column elementor-col-100 elementor-top-column elementor-element elementor-element-6a1158c\" data-id=\"6a1158c\" data-element_type=\"column\">\n\t\t\t<div class=\"elementor-widget-wrap elementor-element-populated\">\n\t\t\t\t\t\t\t<\/div>\n\t\t<\/div>\n\t\t\t\t\t<\/div>\n\t\t<\/section>\n\t\t\t\t<section class=\"elementor-section elementor-top-section elementor-element elementor-element-a96a225 elementor-section-boxed elementor-section-height-default elementor-section-height-default\" data-id=\"a96a225\" data-element_type=\"section\">\n\t\t\t\t\t\t<div class=\"elementor-container elementor-column-gap-default\">\n\t\t\t\t\t<div class=\"elementor-column elementor-col-50 elementor-top-column elementor-element elementor-element-c66196d\" data-id=\"c66196d\" data-element_type=\"column\">\n\t\t\t<div class=\"elementor-widget-wrap elementor-element-populated\">\n\t\t\t\t\t\t<div class=\"elementor-element elementor-element-eebab90 elementor-widget elementor-widget-text-editor\" data-id=\"eebab90\" data-element_type=\"widget\" data-widget_type=\"text-editor.default\">\n\t\t\t\t<div class=\"elementor-widget-container\">\n\t\t\t\t\t\t\t\t\t<p>Nehmen Sie sich die kuscheligste und w\u00e4rmste Jogginghose, die Sie haben. Legen Sie sich die Hose wie eine Stola um die Schultern. \u00dcberkreuzen<span style=\"font-size: 1rem;\"> Sie die Hosenbeine \u00fcber der Brust. Danach ziehen Sie sich einen engen Pullover dr\u00fcber.<\/span><\/p><p>Alternativ k\u00f6nnen Sie sich auch einfach ein kleines Kissen auf die Brust legen &#8211; insbesondere in der Nacht.<\/p><p><span style=\"font-size: 1rem;\">Bestreichen Sie Brust und Hals mit einer frisch geschnittenen Zwiebel &#8211; das kann auch ein wenig helfen.<\/span><\/p><p>Weitere M\u00f6glichkeit: Erk\u00e4ltungscreme &#8222;Pinimenthol (Mild)&#8220; aus der Apotheke auf Brust und R\u00fccken einreiben. Dann warm einpacken &#8211; siehe oben.<\/p>\t\t\t\t\t\t\t\t<\/div>\n\t\t\t\t<\/div>\n\t\t\t\t\t<\/div>\n\t\t<\/div>\n\t\t\t\t<div class=\"elementor-column elementor-col-50 elementor-top-column elementor-element elementor-element-42e7ff2\" data-id=\"42e7ff2\" data-element_type=\"column\">\n\t\t\t<div class=\"elementor-widget-wrap elementor-element-populated\">\n\t\t\t\t\t\t<div class=\"elementor-element elementor-element-451d9ad elementor-widget elementor-widget-image\" data-id=\"451d9ad\" data-element_type=\"widget\" data-widget_type=\"image.default\">\n\t\t\t\t<div class=\"elementor-widget-container\">\n\t\t\t\t\t\t\t\t\t\t\t\t\t\t\t<img fetchpriority=\"high\" decoding=\"async\" width=\"525\" height=\"700\" src=\"https:\/\/corona-hilfe-versuch.com\/wp-content\/uploads\/2020\/03\/IMG_20200320_105848_klein.jpg\" class=\"attachment-large size-large wp-image-64\" alt=\"\" srcset=\"https:\/\/corona-hilfe-versuch.com\/wp-content\/uploads\/2020\/03\/IMG_20200320_105848_klein.jpg 734w, https:\/\/corona-hilfe-versuch.com\/wp-content\/uploads\/2020\/03\/IMG_20200320_105848_klein-225x300.jpg 225w\" sizes=\"100vw\" \/>\t\t\t\t\t\t\t\t\t\t\t\t\t\t\t<\/div>\n\t\t\t\t<\/div>\n\t\t\t\t\t<\/div>\n\t\t<\/div>\n\t\t\t\t\t<\/div>\n\t\t<\/section>\n\t\t\t\t<section class=\"elementor-section elementor-top-section elementor-element elementor-element-2b3dce8 elementor-section-boxed elementor-section-height-default elementor-section-height-default\" data-id=\"2b3dce8\" data-element_type=\"section\">\n\t\t\t\t\t\t<div class=\"elementor-container elementor-column-gap-default\">\n\t\t\t\t\t<div class=\"elementor-column elementor-col-50 elementor-top-column elementor-element elementor-element-3473443\" data-id=\"3473443\" data-element_type=\"column\">\n\t\t\t<div class=\"elementor-widget-wrap elementor-element-populated\">\n\t\t\t\t\t\t<div class=\"elementor-element elementor-element-121d7e2 elementor-widget elementor-widget-text-editor\" data-id=\"121d7e2\" data-element_type=\"widget\" data-widget_type=\"text-editor.default\">\n\t\t\t\t<div class=\"elementor-widget-container\">\n\t\t\t\t\t\t\t\t\t<p>\u00a0<\/p><p>(Das Bild zeigt die R\u00fcckenansicht)<\/p>\t\t\t\t\t\t\t\t<\/div>\n\t\t\t\t<\/div>\n\t\t\t\t\t<\/div>\n\t\t<\/div>\n\t\t\t\t<div class=\"elementor-column elementor-col-50 elementor-top-column elementor-element elementor-element-3661d45\" data-id=\"3661d45\" data-element_type=\"column\">\n\t\t\t<div class=\"elementor-widget-wrap elementor-element-populated\">\n\t\t\t\t\t\t<div class=\"elementor-element elementor-element-f741bba elementor-widget elementor-widget-image\" data-id=\"f741bba\" data-element_type=\"widget\" data-widget_type=\"image.default\">\n\t\t\t\t<div class=\"elementor-widget-container\">\n\t\t\t\t\t\t\t\t\t\t\t\t\t\t\t<img decoding=\"async\" width=\"525\" height=\"700\" src=\"https:\/\/corona-hilfe-versuch.com\/wp-content\/uploads\/2020\/03\/IMG_20200320_105933_klein.jpg\" class=\"attachment-large size-large wp-image-65\" alt=\"\" srcset=\"https:\/\/corona-hilfe-versuch.com\/wp-content\/uploads\/2020\/03\/IMG_20200320_105933_klein.jpg 734w, https:\/\/corona-hilfe-versuch.com\/wp-content\/uploads\/2020\/03\/IMG_20200320_105933_klein-225x300.jpg 225w\" sizes=\"100vw\" \/>\t\t\t\t\t\t\t\t\t\t\t\t\t\t\t<\/div>\n\t\t\t\t<\/div>\n\t\t\t\t\t<\/div>\n\t\t<\/div>\n\t\t\t\t\t<\/div>\n\t\t<\/section>\n\t\t\t\t<\/div>\n\t\t","protected":false},"excerpt":{"rendered":"<p>Brustw\u00e4rmer (bei Husten) Nehmen Sie sich die kuscheligste und w\u00e4rmste Jogginghose, die Sie haben. Legen Sie sich die Hose wie eine Stola um die Schultern. \u00dcberkreuzen Sie die Hosenbeine \u00fcber der Brust. Danach ziehen Sie sich einen engen Pullover dr\u00fcber. Alternativ k\u00f6nnen Sie sich auch einfach ein kleines Kissen auf die Brust legen &#8211; insbesondere &hellip; <\/p>\n<p class=\"link-more\"><a href=\"https:\/\/corona-hilfe-versuch.com\/?page_id=62\" class=\"more-link\"><span class=\"screen-reader-text\">\u201eBrustw\u00e4rmer\u201c <\/span>weiterlesen<\/a><\/p>\n","protected":false},"author":1,"featured_media":0,"parent":2,"menu_order":0,"comment_status":"closed","ping_status":"closed","template":"elementor_header_footer","meta":{"footnotes":""},"class_list":["post-62","page","type-page","status-publish","hentry"],"_links":{"self":[{"href":"https:\/\/corona-hilfe-versuch.com\/index.php?rest_route=\/wp\/v2\/pages\/62","targetHints":{"allow":["GET"]}}],"collection":[{"href":"https:\/\/corona-hilfe-versuch.com\/index.php?rest_route=\/wp\/v2\/pages"}],"about":[{"href":"https:\/\/corona-hilfe-versuch.com\/index.php?rest_route=\/wp\/v2\/types\/page"}],"author":[{"embeddable":true,"href":"https:\/\/corona-hilfe-versuch.com\/index.php?rest_route=\/wp\/v2\/users\/1"}],"replies":[{"embeddable":true,"href":"https:\/\/corona-hilfe-versuch.com\/index.php?rest_route=%2Fwp%2Fv2%2Fcomments&post=62"}],"version-history":[{"count":17,"href":"https:\/\/corona-hilfe-versuch.com\/index.php?rest_route=\/wp\/v2\/pages\/62\/revisions"}],"predecessor-version":[{"id":375,"href":"https:\/\/corona-hilfe-versuch.com\/index.php?rest_route=\/wp\/v2\/pages\/62\/revisions\/375"}],"up":[{"embeddable":true,"href":"https:\/\/corona-hilfe-versuch.com\/index.php?rest_route=\/wp\/v2\/pages\/2"}],"wp:attachment":[{"href":"https:\/\/corona-hilfe-versuch.com\/index.php?rest_route=%2Fwp%2Fv2%2Fmedia&parent=62"}],"curies":[{"name":"wp","href":"https:\/\/api.w.org\/{rel}","templated":true}]}}