{"id":33,"date":"2020-03-15T14:08:28","date_gmt":"2020-03-15T14:08:28","guid":{"rendered":"http:\/\/corona-hilfe-versuch.com\/?page_id=33"},"modified":"2024-12-14T12:29:26","modified_gmt":"2024-12-14T12:29:26","slug":"sonstiges","status":"publish","type":"page","link":"https:\/\/corona-hilfe-versuch.com\/?page_id=33","title":{"rendered":"Sonstiges"},"content":{"rendered":"\t\t<div data-elementor-type=\"wp-page\" data-elementor-id=\"33\" class=\"elementor elementor-33\">\n\t\t\t\t\t\t<section class=\"elementor-section elementor-top-section elementor-element elementor-element-2f5480e elementor-section-boxed elementor-section-height-default elementor-section-height-default\" data-id=\"2f5480e\" data-element_type=\"section\">\n\t\t\t\t\t\t<div class=\"elementor-container elementor-column-gap-default\">\n\t\t\t\t\t<div class=\"elementor-column elementor-col-100 elementor-top-column elementor-element elementor-element-c4b4d12\" data-id=\"c4b4d12\" data-element_type=\"column\">\n\t\t\t<div class=\"elementor-widget-wrap elementor-element-populated\">\n\t\t\t\t\t\t<div class=\"elementor-element elementor-element-024c79d elementor-widget elementor-widget-heading\" data-id=\"024c79d\" data-element_type=\"widget\" data-widget_type=\"heading.default\">\n\t\t\t\t<div class=\"elementor-widget-container\">\n\t\t\t\t\t<h2 class=\"elementor-heading-title elementor-size-default\">Sonstiges\n<\/h2>\t\t\t\t<\/div>\n\t\t\t\t<\/div>\n\t\t\t\t\t<\/div>\n\t\t<\/div>\n\t\t\t\t\t<\/div>\n\t\t<\/section>\n\t\t\t\t<section class=\"elementor-section elementor-top-section elementor-element elementor-element-7ecf112 elementor-section-boxed elementor-section-height-default elementor-section-height-default\" data-id=\"7ecf112\" data-element_type=\"section\">\n\t\t\t\t\t\t<div class=\"elementor-container elementor-column-gap-default\">\n\t\t\t\t\t<div class=\"elementor-column elementor-col-100 elementor-top-column elementor-element elementor-element-0713ff3\" data-id=\"0713ff3\" data-element_type=\"column\">\n\t\t\t<div class=\"elementor-widget-wrap elementor-element-populated\">\n\t\t\t\t\t\t<div class=\"elementor-element elementor-element-8fec6fe elementor-widget elementor-widget-text-editor\" data-id=\"8fec6fe\" data-element_type=\"widget\" data-widget_type=\"text-editor.default\">\n\t\t\t\t<div class=\"elementor-widget-container\">\n\t\t\t\t\t\t\t\t\t<ul><li><span style=\"text-decoration: underline;\">Luft:<\/span><ul><li>viel frische Luft<\/li><li>k\u00fchl (fr\u00fch morgens\/nachts l\u00fcften)<\/li><li>feucht (W\u00e4sche aufh\u00e4ngen?)<\/li><li>googeln Sie doch mal &#8222;Kluterth\u00f6hle&#8220; per Wikipedia &#8211; Kurort f\u00fcr Menschen mit Atembeschwerden &#8211; ein solches Klima w\u00fcrde sicher helfen<\/li><\/ul><\/li><\/ul><ul><li><span style=\"text-decoration: underline;\"><strong>Wasser:<\/strong><\/span><ul><li>mind.<strong>\u00a0 <span style=\"text-decoration: underline;\">2,5 Liter stilles Wasser<\/span> <\/strong>pro Tag trinken<br \/>(Bei JEDEM Husten einen Schluck Wasser trinken.)<\/li><li>Augen auswaschen<\/li><li>Nase<ul><li>Wasser in Hand und in die Nase hochziehen<\/li><li>die Nasen\u00f6ffnung mit Wassertropfen benetzen<\/li><li>beim Duschen Kopf nach unten und den Duschkopf zur Decke richten &#8211; mit einem weichem Wasserstrahl die Nase aussp\u00fclen<\/li><\/ul><\/li><li>Ohren<ul><li>Ohrg\u00e4nge mit warmen Wasser betr\u00e4ufeln und Wasser auch wieder von au\u00dfen rausdr\u00fccken<\/li><\/ul><\/li><\/ul><\/li><\/ul><ul><li><strong><span style=\"text-decoration: underline;\">Hals und Brust:<\/span><\/strong> Warm (siehe die Seiten Hals- und Brustw\u00e4rmer)<\/li><\/ul><ul><li><span style=\"text-decoration: underline;\"><strong>F\u00fc\u00dfe:<\/strong><\/span><ul><li>KEINE KALTEN F\u00fc\u00dfe! (Hausschuhe, 1-2 Paar Socken)<\/li><li>weitere Tip\u00b4s f\u00fcr warme H\u00e4nde und F\u00fc\u00dfe: <span style=\"color: #ff0000;\"><strong>&#8222;www.heizungsbackblech.de&#8220; &#8211;\u00a0 Sonstiges-Kleidung<\/strong><\/span><\/li><\/ul><\/li><\/ul><ul><li><strong><span style=\"text-decoration: underline;\">Ern\u00e4hrung:<\/span><\/strong><ul><li>H\u00fchnersuppe<\/li><li>\u00c4pfel, Orangen, Orangensaft<\/li><li>mind.<strong>\u00a0 <span style=\"text-decoration: underline;\">2,5 Liter stilles Wasser<\/span> <\/strong>pro Tag trinken<\/li><li>Jedesmal, wenn Sie husten, einen Schluck trinken.<\/li><li>Mit einem &#8222;Wasserfall&#8220; den Virus aus dem K\u00f6rper schwemmen bevor die Lungen erreicht werden.<\/li><li>viel warmer Tee (Viren k\u00f6nnen W\u00e4rme nicht leiden)<\/li><li>wenn m\u00f6glich leichte <span style=\"font-size: 1rem;\"><span style=\"font-size: 1rem;\">Bewegung<\/span><\/span><\/li><\/ul><\/li><\/ul><ul><li><span style=\"text-decoration: underline;\"><strong>Zwiebel:<\/strong><\/span><ul><li>siehe andere Seite mit dem Halsw\u00e4rmer<\/li><li>essen<ul><li>gehackt<\/li><li>in Scheiben auf K\u00e4sebrot<\/li><li>gebraten<\/li><li>aufschneiden und auf erkrankte K\u00f6rperstelle reiben (wenn es die Nase ist, Augen bitte vorher schlie\u00dfen)<\/li><li>oder <span style=\"text-decoration: underline;\">getrocknete Zwiebeln mit etwas Salat\u00f6l \u00fcbergie\u00dfen,<\/span> nach einigen Minuten essen<ul><li>ist nicht so scharf<\/li><li>man riecht nicht so stark nach Zwiebel<\/li><li>hilft prima<\/li><li>schnelle Zubereitung<\/li><\/ul><\/li><\/ul><\/li><\/ul><\/li><\/ul><ul><li><span style=\"text-decoration: underline;\"><strong>Schlafen:<\/strong><\/span><ul><li>Kopfteil des Bettes h\u00f6her legen (notfalls mit Ordnern oder B\u00fcchern unter der Matratze)<\/li><li><span style=\"font-size: 1rem;\">viel erholsamer Schlaf; siehe auch unsere andere Webseite: \u00a0<a style=\"color: #3366ff;\" href=\"https:\/\/schlafen-besser.de\/\">https:\/\/schlafen-besser.de\/<\/a><\/span><\/li><\/ul><\/li><\/ul><ul><li style=\"text-align: left;\"><span style=\"text-decoration: underline;\"><strong style=\"font-size: 1rem;\">Hei\u00dfes Salzfu\u00dfbad:<\/strong><\/span><ul><li style=\"list-style-type: none;\"><ul><li>Eimer, hei\u00dfes Wasser, viel Salz<\/li><li>F\u00fc\u00dfe rein<\/li><li>nach dem Abtrocknen 2-3 Paar Socken<\/li><\/ul><\/li><\/ul><\/li><li><span style=\"text-decoration: underline;\"><strong>Herzklopfen\/Muskelzuckungen<\/strong><\/span><ul><li>Bei Herzproblemen sollte man nat\u00fcrlich immer zum <strong>Arzt<\/strong> gehen.<\/li><li>Vielleicht versuchen Sie aber auch <strong>Sonnenblumenkerne und\/oder Kakao<\/strong>. <span style=\"text-decoration: underline;\">Magnesium hilft Muskeln.<br \/><\/span> (Kakao:\u00a0 Bitte den &#8222;reinen&#8220; Kakao, nicht diese Milchmischgetr\u00e4nke, in denen viel zu viel Zucker enthalten ist. K\u00f6nnen Sie mit hei\u00dfen Fl\u00fcssigkeiten, z.B. Milch, trinken oder in Joghi\/M\u00fcsli geben. Auch mit Banane schmeckt er prima.)<\/li><li><strong>weniger Stress:<\/strong> Lassen Sie doch mal den ganzen Elektroschrott (Handy\u00b4s, Laptop\u00b4s, Tablets&#8230;) aus und lesen daf\u00fcr lieber ein spannendes Buch. Oder unterhalten sich ungest\u00f6rt mit Familie\/Freunden. Auch Bewegung an frischer Luft tut K\u00f6rper\/Geist und Seele gut.<\/li><\/ul><\/li><\/ul><ul><li><span style=\"text-decoration: underline;\"><strong>Erk\u00e4ltung<\/strong><\/span><\/li><li style=\"list-style-type: none;\"><ul><li>Ingwertee (selber machen: Ingwer sch\u00e4len, kleine Scheibe mit hei\u00dfem Wasser aufbr\u00fchen) (alternativ: mit Gem\u00fcse kochen)<\/li><\/ul><\/li><\/ul><h1><span style=\"text-decoration: underline;\"><strong>Wasser macht alles \u201eheile\u201c<\/strong><\/span><\/h1><ul><li>Augen<\/li><li>Nase<\/li><\/ul><p>morgens auswaschen<\/p><ul><li>Ohren<\/li><\/ul><p>abends auswaschen (Nicht mit nassen Ohren in die K\u00e4lte gehen!)<\/p><p><span style=\"text-decoration: underline;\"><strong>Augen<\/strong><\/span><\/p><p><strong>WEIL:<\/strong> Schutz vor entz\u00fcndeten Augen\/Bindehautentz\u00fcndung etc.<\/p><p><span style=\"text-decoration: underline;\"><strong>Nase<\/strong><\/span><\/p><p>Ein Nasenloch zuhalten<\/p><p>Wasser in Handfl\u00e4che durch das andere Nasenloch hochziehen<\/p><p>\u201eherausschn\u00f6ddern\u201c<\/p><p>bei Bedarf wiederholen<\/p><p>Nase nicht abtrocknen, sondern Restfeuchte weiter einatmen<\/p><p>ODER<\/p><p>Eine Pipette benutzen, Kopf zur\u00fccklegen, Wasser bei gleichzeitigem Einatmen in die Nase spritzen ODER<\/p><p>Eine professionale Nasendusche verwenden.<\/p><p><strong>Weil:<\/strong> Wenn Nase frei, dann wandern auch weniger Bakterien in Hals und Brust \u2013 kein Halsschmerzen, kein Husten, keine Grippe<\/p><p><span style=\"text-decoration: underline;\"><strong>Ohren<\/strong><\/span><\/p><p>Ohr unter Wasserhahn legen, etwas aufdrehen und Wasser ins Ohr laufen lassen<\/p><p>ODER<\/p><p>mit Pipette ins Ohr spritzen.<\/p><p><strong>Weil:<\/strong> Weniger Ohrenschmalz \u2013 weniger Arztbesuche w\/verstopften Ohren.<\/p>\t\t\t\t\t\t\t\t<\/div>\n\t\t\t\t<\/div>\n\t\t\t\t\t<\/div>\n\t\t<\/div>\n\t\t\t\t\t<\/div>\n\t\t<\/section>\n\t\t\t\t<section class=\"elementor-section elementor-top-section elementor-element elementor-element-42988c3 elementor-section-boxed elementor-section-height-default elementor-section-height-default\" data-id=\"42988c3\" data-element_type=\"section\">\n\t\t\t\t\t\t<div class=\"elementor-container elementor-column-gap-default\">\n\t\t\t\t\t<div class=\"elementor-column elementor-col-100 elementor-top-column elementor-element elementor-element-0fdba01\" data-id=\"0fdba01\" data-element_type=\"column\">\n\t\t\t<div class=\"elementor-widget-wrap elementor-element-populated\">\n\t\t\t\t\t\t<div class=\"elementor-element elementor-element-2da10cc elementor-widget elementor-widget-heading\" data-id=\"2da10cc\" data-element_type=\"widget\" data-widget_type=\"heading.default\">\n\t\t\t\t<div class=\"elementor-widget-container\">\n\t\t\t\t\t<h2 class=\"elementor-heading-title elementor-size-default\">Maskenhalsband<\/h2>\t\t\t\t<\/div>\n\t\t\t\t<\/div>\n\t\t\t\t\t<\/div>\n\t\t<\/div>\n\t\t\t\t\t<\/div>\n\t\t<\/section>\n\t\t\t\t<section class=\"elementor-section elementor-top-section elementor-element elementor-element-72980ca elementor-section-boxed elementor-section-height-default elementor-section-height-default\" data-id=\"72980ca\" data-element_type=\"section\">\n\t\t\t\t\t\t<div class=\"elementor-container elementor-column-gap-default\">\n\t\t\t\t\t<div class=\"elementor-column elementor-col-50 elementor-top-column elementor-element elementor-element-e292a17\" data-id=\"e292a17\" data-element_type=\"column\">\n\t\t\t<div class=\"elementor-widget-wrap elementor-element-populated\">\n\t\t\t\t\t\t<div class=\"elementor-element elementor-element-0fcee16 elementor-widget elementor-widget-text-editor\" data-id=\"0fcee16\" data-element_type=\"widget\" data-widget_type=\"text-editor.default\">\n\t\t\t\t<div class=\"elementor-widget-container\">\n\t\t\t\t\t\t\t\t\t<p>schont die Ressourcen und den Geldbeutel&#8230;<\/p><p>Mit dem Maskenhalsband fallen die Masken nicht mehr auf den Boden.<\/p><p>Man braucht ein Band, in dem man an der einen Seite eine Schlaufe einknotet.<\/p>\t\t\t\t\t\t\t\t<\/div>\n\t\t\t\t<\/div>\n\t\t\t\t\t<\/div>\n\t\t<\/div>\n\t\t\t\t<div class=\"elementor-column elementor-col-50 elementor-top-column elementor-element elementor-element-a6abf4a\" data-id=\"a6abf4a\" data-element_type=\"column\">\n\t\t\t<div class=\"elementor-widget-wrap elementor-element-populated\">\n\t\t\t\t\t\t<div class=\"elementor-element elementor-element-2dbf42e elementor-widget elementor-widget-image\" data-id=\"2dbf42e\" data-element_type=\"widget\" data-widget_type=\"image.default\">\n\t\t\t\t<div class=\"elementor-widget-container\">\n\t\t\t\t\t\t\t\t\t\t\t\t\t\t\t<img fetchpriority=\"high\" decoding=\"async\" width=\"525\" height=\"700\" src=\"https:\/\/corona-hilfe-versuch.com\/wp-content\/uploads\/2020\/12\/IMG_20201225_132333_klein-768x1024.jpg\" class=\"attachment-medium_large size-medium_large wp-image-149\" alt=\"\" srcset=\"https:\/\/corona-hilfe-versuch.com\/wp-content\/uploads\/2020\/12\/IMG_20201225_132333_klein-768x1024.jpg 768w, https:\/\/corona-hilfe-versuch.com\/wp-content\/uploads\/2020\/12\/IMG_20201225_132333_klein-225x300.jpg 225w, https:\/\/corona-hilfe-versuch.com\/wp-content\/uploads\/2020\/12\/IMG_20201225_132333_klein.jpg 1092w\" sizes=\"100vw\" \/>\t\t\t\t\t\t\t\t\t\t\t\t\t\t\t<\/div>\n\t\t\t\t<\/div>\n\t\t\t\t\t<\/div>\n\t\t<\/div>\n\t\t\t\t\t<\/div>\n\t\t<\/section>\n\t\t\t\t<section class=\"elementor-section elementor-top-section elementor-element elementor-element-f9a1b01 elementor-section-boxed elementor-section-height-default elementor-section-height-default\" data-id=\"f9a1b01\" data-element_type=\"section\">\n\t\t\t\t\t\t<div class=\"elementor-container elementor-column-gap-default\">\n\t\t\t\t\t<div class=\"elementor-column elementor-col-100 elementor-top-column elementor-element elementor-element-11338dc\" data-id=\"11338dc\" data-element_type=\"column\">\n\t\t\t<div class=\"elementor-widget-wrap elementor-element-populated\">\n\t\t\t\t\t\t<section class=\"elementor-section elementor-inner-section elementor-element elementor-element-5263017 elementor-section-boxed elementor-section-height-default elementor-section-height-default\" data-id=\"5263017\" data-element_type=\"section\">\n\t\t\t\t\t\t<div class=\"elementor-container elementor-column-gap-default\">\n\t\t\t\t\t<div class=\"elementor-column elementor-col-50 elementor-inner-column elementor-element elementor-element-7dbec47\" data-id=\"7dbec47\" data-element_type=\"column\">\n\t\t\t<div class=\"elementor-widget-wrap elementor-element-populated\">\n\t\t\t\t\t\t<div class=\"elementor-element elementor-element-6e34e1f elementor-widget elementor-widget-text-editor\" data-id=\"6e34e1f\" data-element_type=\"widget\" data-widget_type=\"text-editor.default\">\n\t\t\t\t<div class=\"elementor-widget-container\">\n\t\t\t\t\t\t\t\t\t<p>Danach schlingt man das Band um das Maskenb\u00e4ndchen und f\u00fchrt das eine Ende des Bandes durch die zuvor gemachte Schlaufe. Somit ist die erste Seite der Maske gehalten. (vgl. oben im Bild rechts daneben)<\/p>\t\t\t\t\t\t\t\t<\/div>\n\t\t\t\t<\/div>\n\t\t\t\t\t<\/div>\n\t\t<\/div>\n\t\t\t\t<div class=\"elementor-column elementor-col-50 elementor-inner-column elementor-element elementor-element-eb9d158\" data-id=\"eb9d158\" data-element_type=\"column\">\n\t\t\t<div class=\"elementor-widget-wrap elementor-element-populated\">\n\t\t\t\t\t\t<div class=\"elementor-element elementor-element-40d8d98 elementor-widget elementor-widget-image\" data-id=\"40d8d98\" data-element_type=\"widget\" data-widget_type=\"image.default\">\n\t\t\t\t<div class=\"elementor-widget-container\">\n\t\t\t\t\t\t\t\t\t\t\t\t\t\t\t<img decoding=\"async\" width=\"525\" height=\"700\" src=\"https:\/\/corona-hilfe-versuch.com\/wp-content\/uploads\/2020\/12\/IMG_20201225_132445_klein-768x1024.jpg\" class=\"attachment-large size-large wp-image-150\" alt=\"\" srcset=\"https:\/\/corona-hilfe-versuch.com\/wp-content\/uploads\/2020\/12\/IMG_20201225_132445_klein-768x1024.jpg 768w, https:\/\/corona-hilfe-versuch.com\/wp-content\/uploads\/2020\/12\/IMG_20201225_132445_klein-225x300.jpg 225w, https:\/\/corona-hilfe-versuch.com\/wp-content\/uploads\/2020\/12\/IMG_20201225_132445_klein.jpg 1092w\" sizes=\"100vw\" \/>\t\t\t\t\t\t\t\t\t\t\t\t\t\t\t<\/div>\n\t\t\t\t<\/div>\n\t\t\t\t\t<\/div>\n\t\t<\/div>\n\t\t\t\t\t<\/div>\n\t\t<\/section>\n\t\t\t\t\t<\/div>\n\t\t<\/div>\n\t\t\t\t\t<\/div>\n\t\t<\/section>\n\t\t\t\t<section class=\"elementor-section elementor-top-section elementor-element elementor-element-de04b61 elementor-section-boxed elementor-section-height-default elementor-section-height-default\" data-id=\"de04b61\" data-element_type=\"section\">\n\t\t\t\t\t\t<div class=\"elementor-container elementor-column-gap-default\">\n\t\t\t\t\t<div class=\"elementor-column elementor-col-100 elementor-top-column elementor-element elementor-element-0123a3b\" data-id=\"0123a3b\" data-element_type=\"column\">\n\t\t\t<div class=\"elementor-widget-wrap elementor-element-populated\">\n\t\t\t\t\t\t<section class=\"elementor-section elementor-inner-section elementor-element elementor-element-ddf0520 elementor-section-boxed elementor-section-height-default elementor-section-height-default\" data-id=\"ddf0520\" data-element_type=\"section\">\n\t\t\t\t\t\t<div class=\"elementor-container elementor-column-gap-default\">\n\t\t\t\t\t<div class=\"elementor-column elementor-col-50 elementor-inner-column elementor-element elementor-element-5930730\" data-id=\"5930730\" data-element_type=\"column\">\n\t\t\t<div class=\"elementor-widget-wrap elementor-element-populated\">\n\t\t\t\t\t\t<div class=\"elementor-element elementor-element-cfd17fe elementor-widget elementor-widget-text-editor\" data-id=\"cfd17fe\" data-element_type=\"widget\" data-widget_type=\"text-editor.default\">\n\t\t\t\t<div class=\"elementor-widget-container\">\n\t\t\t\t\t\t\t\t\t<p>Nun noch die andere Seite des Maskenb\u00e4ndchens mit dem Halsband verbinden. Hierzu macht man am besten eine Schleife. (vgl. wieder oben im Bild rechts daneben)<\/p>\t\t\t\t\t\t\t\t<\/div>\n\t\t\t\t<\/div>\n\t\t\t\t\t<\/div>\n\t\t<\/div>\n\t\t\t\t<div class=\"elementor-column elementor-col-50 elementor-inner-column elementor-element elementor-element-608cf7c\" data-id=\"608cf7c\" data-element_type=\"column\">\n\t\t\t<div class=\"elementor-widget-wrap elementor-element-populated\">\n\t\t\t\t\t\t<div class=\"elementor-element elementor-element-0aa3ed4 elementor-widget elementor-widget-image\" data-id=\"0aa3ed4\" data-element_type=\"widget\" data-widget_type=\"image.default\">\n\t\t\t\t<div class=\"elementor-widget-container\">\n\t\t\t\t\t\t\t\t\t\t\t\t\t\t\t<img decoding=\"async\" width=\"525\" height=\"700\" src=\"https:\/\/corona-hilfe-versuch.com\/wp-content\/uploads\/2020\/12\/IMG_20201225_132726_klein-768x1024.jpg\" class=\"attachment-large size-large wp-image-151\" alt=\"\" srcset=\"https:\/\/corona-hilfe-versuch.com\/wp-content\/uploads\/2020\/12\/IMG_20201225_132726_klein-768x1024.jpg 768w, https:\/\/corona-hilfe-versuch.com\/wp-content\/uploads\/2020\/12\/IMG_20201225_132726_klein-225x300.jpg 225w, https:\/\/corona-hilfe-versuch.com\/wp-content\/uploads\/2020\/12\/IMG_20201225_132726_klein.jpg 1092w\" sizes=\"100vw\" \/>\t\t\t\t\t\t\t\t\t\t\t\t\t\t\t<\/div>\n\t\t\t\t<\/div>\n\t\t\t\t\t<\/div>\n\t\t<\/div>\n\t\t\t\t\t<\/div>\n\t\t<\/section>\n\t\t\t\t\t<\/div>\n\t\t<\/div>\n\t\t\t\t\t<\/div>\n\t\t<\/section>\n\t\t\t\t<section class=\"elementor-section elementor-top-section elementor-element elementor-element-8c20e51 elementor-section-boxed elementor-section-height-default elementor-section-height-default\" data-id=\"8c20e51\" data-element_type=\"section\">\n\t\t\t\t\t\t<div class=\"elementor-container elementor-column-gap-default\">\n\t\t\t\t\t<div class=\"elementor-column elementor-col-100 elementor-top-column elementor-element elementor-element-948fa83\" data-id=\"948fa83\" data-element_type=\"column\">\n\t\t\t<div class=\"elementor-widget-wrap elementor-element-populated\">\n\t\t\t\t\t\t<div class=\"elementor-element elementor-element-f552f7d elementor-widget elementor-widget-text-editor\" data-id=\"f552f7d\" data-element_type=\"widget\" data-widget_type=\"text-editor.default\">\n\t\t\t\t<div class=\"elementor-widget-container\">\n\t\t\t\t\t\t\t\t\t<p>Denken Sie daran:<\/p><p>Jeder tr\u00e4gt Bakterien und Viren mit sich herum. Entscheidend ist, ob der K\u00f6rper stark genug ist.<br \/>Das hei\u00dft: <span style=\"text-decoration: underline;\"><strong>V<\/strong><strong>ermeiden Sie soviel Zucker und zuckerhaltige Lebensmittel wie m\u00f6glich.<\/strong> <\/span>Ausgenommen sind hiervon gesundes Obst und naturbelassene Milchprodukte.<\/p>\t\t\t\t\t\t\t\t<\/div>\n\t\t\t\t<\/div>\n\t\t\t\t\t<\/div>\n\t\t<\/div>\n\t\t\t\t\t<\/div>\n\t\t<\/section>\n\t\t\t\t<\/div>\n\t\t","protected":false},"excerpt":{"rendered":"<p>Sonstiges Luft: viel frische Luft k\u00fchl (fr\u00fch morgens\/nachts l\u00fcften) feucht (W\u00e4sche aufh\u00e4ngen?) googeln Sie doch mal &#8222;Kluterth\u00f6hle&#8220; per Wikipedia &#8211; Kurort f\u00fcr Menschen mit Atembeschwerden &#8211; ein solches Klima w\u00fcrde sicher helfen Wasser: mind.\u00a0 2,5 Liter stilles Wasser pro Tag trinken(Bei JEDEM Husten einen Schluck Wasser trinken.) Augen auswaschen Nase Wasser in Hand und in &hellip; <\/p>\n<p class=\"link-more\"><a href=\"https:\/\/corona-hilfe-versuch.com\/?page_id=33\" class=\"more-link\"><span class=\"screen-reader-text\">\u201eSonstiges\u201c <\/span>weiterlesen<\/a><\/p>\n","protected":false},"author":1,"featured_media":0,"parent":0,"menu_order":0,"comment_status":"closed","ping_status":"closed","template":"elementor_header_footer","meta":{"footnotes":""},"class_list":["post-33","page","type-page","status-publish","hentry"],"_links":{"self":[{"href":"https:\/\/corona-hilfe-versuch.com\/index.php?rest_route=\/wp\/v2\/pages\/33","targetHints":{"allow":["GET"]}}],"collection":[{"href":"https:\/\/corona-hilfe-versuch.com\/index.php?rest_route=\/wp\/v2\/pages"}],"about":[{"href":"https:\/\/corona-hilfe-versuch.com\/index.php?rest_route=\/wp\/v2\/types\/page"}],"author":[{"embeddable":true,"href":"https:\/\/corona-hilfe-versuch.com\/index.php?rest_route=\/wp\/v2\/users\/1"}],"replies":[{"embeddable":true,"href":"https:\/\/corona-hilfe-versuch.com\/index.php?rest_route=%2Fwp%2Fv2%2Fcomments&post=33"}],"version-history":[{"count":126,"href":"https:\/\/corona-hilfe-versuch.com\/index.php?rest_route=\/wp\/v2\/pages\/33\/revisions"}],"predecessor-version":[{"id":408,"href":"https:\/\/corona-hilfe-versuch.com\/index.php?rest_route=\/wp\/v2\/pages\/33\/revisions\/408"}],"wp:attachment":[{"href":"https:\/\/corona-hilfe-versuch.com\/index.php?rest_route=%2Fwp%2Fv2%2Fmedia&parent=33"}],"curies":[{"name":"wp","href":"https:\/\/api.w.org\/{rel}","templated":true}]}}