{"id":2,"date":"2016-05-10T03:48:21","date_gmt":"2016-05-10T03:48:21","guid":{"rendered":"http:\/\/corona-hilfe-versuch.com\/?page_id=2"},"modified":"2025-02-10T16:18:08","modified_gmt":"2025-02-10T16:18:08","slug":"sample-page","status":"publish","type":"page","link":"https:\/\/corona-hilfe-versuch.com\/","title":{"rendered":"Hallo und Willkommen!"},"content":{"rendered":"\t\t<div data-elementor-type=\"wp-page\" data-elementor-id=\"2\" class=\"elementor elementor-2\">\n\t\t\t\t\t\t<section class=\"elementor-section elementor-top-section elementor-element elementor-element-bf288f3 elementor-section-boxed elementor-section-height-default elementor-section-height-default\" data-id=\"bf288f3\" data-element_type=\"section\">\n\t\t\t\t\t\t<div class=\"elementor-container elementor-column-gap-default\">\n\t\t\t\t\t<div class=\"elementor-column elementor-col-100 elementor-top-column elementor-element elementor-element-5f01b9e\" data-id=\"5f01b9e\" data-element_type=\"column\">\n\t\t\t<div class=\"elementor-widget-wrap elementor-element-populated\">\n\t\t\t\t\t\t<div class=\"elementor-element elementor-element-eead501 elementor-widget elementor-widget-text-editor\" data-id=\"eead501\" data-element_type=\"widget\" data-widget_type=\"text-editor.default\">\n\t\t\t\t<div class=\"elementor-widget-container\">\n\t\t\t\t\t\t\t\t\t<p style=\"text-align: center;\">Aktuell:<\/p><p style=\"text-align: center;\"><span style=\"font-size: xx-large;\"><b>Ein Gedanke zum Weihnachtsfest:<\/b><\/span><\/p><p style=\"text-align: center;\">Ich stehe morgens fr\u00fch auf und muss in viele dunkle R\u00e4ume, da ich zu geizig bin, jedes Mal das Licht anzumachen. Die Dunkelheit mag ich aber nicht.<\/p><p style=\"text-align: center;\">Jetzt habe ich mir eine elektrische Adventskranzkerze geschnappt und trage sie in der Bademanteltasche immer bei mir.<\/p><p style=\"text-align: center;\">Auch wenn ein Raum zun\u00e4chst dunkel ist \u2013 und ich mich frage, wie ich mich dort zurecht finden soll &#8211; wo ich hin gehe, ist es hell \u2013 Dank meiner Adventskranzkerze.<\/p><p style=\"text-align: center;\"><b>Vergiss nicht das <span style=\"font-size: xx-large;\">Licht in Dir! <\/span>Lass es strahlen \u2013 dann brauchst Du niemals Angst vor der Dunkelheit zu haben.<\/b><\/p>\t\t\t\t\t\t\t\t<\/div>\n\t\t\t\t<\/div>\n\t\t\t\t\t<\/div>\n\t\t<\/div>\n\t\t\t\t\t<\/div>\n\t\t<\/section>\n\t\t\t\t<section class=\"elementor-section elementor-top-section elementor-element elementor-element-fac9052 elementor-section-boxed elementor-section-height-default elementor-section-height-default\" data-id=\"fac9052\" data-element_type=\"section\">\n\t\t\t\t\t\t<div class=\"elementor-container elementor-column-gap-default\">\n\t\t\t\t\t<div class=\"elementor-column elementor-col-100 elementor-top-column elementor-element elementor-element-b97fb16\" data-id=\"b97fb16\" data-element_type=\"column\">\n\t\t\t<div class=\"elementor-widget-wrap elementor-element-populated\">\n\t\t\t\t\t\t<div class=\"elementor-element elementor-element-d1a7a12 elementor-widget elementor-widget-text-editor\" data-id=\"d1a7a12\" data-element_type=\"widget\" data-widget_type=\"text-editor.default\">\n\t\t\t\t<div class=\"elementor-widget-container\">\n\t\t\t\t\t\t\t\t\t<p>Was, wenn es am Ende darauf ankommt, <strong>was<\/strong> <strong>wir gegeben<\/strong> und nicht, was wir gehortet haben?<\/p><p>Was, wenn es am Ende darauf ankommt, <strong>wie viel Liebe wir gegeben haben<\/strong>, und nicht, wie viel Liebe wir empfangen haben?<\/p><p>Was, wenn es all die hilfsbed\u00fcrftigen Menschen nicht gibt, damit wir sie retten, <strong>sondern damit sie UNS retten???<\/strong><\/p>\t\t\t\t\t\t\t\t<\/div>\n\t\t\t\t<\/div>\n\t\t\t\t\t<\/div>\n\t\t<\/div>\n\t\t\t\t\t<\/div>\n\t\t<\/section>\n\t\t\t\t<section class=\"elementor-section elementor-top-section elementor-element elementor-element-05c8222 elementor-section-boxed elementor-section-height-default elementor-section-height-default\" data-id=\"05c8222\" data-element_type=\"section\">\n\t\t\t\t\t\t<div class=\"elementor-container elementor-column-gap-default\">\n\t\t\t\t\t<div class=\"elementor-column elementor-col-100 elementor-top-column elementor-element elementor-element-1ab73e0\" data-id=\"1ab73e0\" data-element_type=\"column\">\n\t\t\t<div class=\"elementor-widget-wrap elementor-element-populated\">\n\t\t\t\t\t\t<div class=\"elementor-element elementor-element-de14ed8 elementor-widget elementor-widget-text-editor\" data-id=\"de14ed8\" data-element_type=\"widget\" data-widget_type=\"text-editor.default\">\n\t\t\t\t<div class=\"elementor-widget-container\">\n\t\t\t\t\t\t\t\t\t<p style=\"text-align: center;\">Handeln Sie schon bei den ersten Anzeichen einer Erkrankung!<\/p><p style=\"text-align: center;\">Auf den folgenden Seiten haben wir unsere Ideen festgehalten:<\/p>\t\t\t\t\t\t\t\t<\/div>\n\t\t\t\t<\/div>\n\t\t\t\t\t<\/div>\n\t\t<\/div>\n\t\t\t\t\t<\/div>\n\t\t<\/section>\n\t\t\t\t<section class=\"elementor-section elementor-top-section elementor-element elementor-element-15c2d6e elementor-section-boxed elementor-section-height-default elementor-section-height-default\" data-id=\"15c2d6e\" data-element_type=\"section\">\n\t\t\t\t\t\t<div class=\"elementor-container elementor-column-gap-default\">\n\t\t\t\t\t<div class=\"elementor-column elementor-col-100 elementor-top-column elementor-element elementor-element-61f370a\" data-id=\"61f370a\" data-element_type=\"column\">\n\t\t\t<div class=\"elementor-widget-wrap elementor-element-populated\">\n\t\t\t\t\t\t<div class=\"elementor-element elementor-element-ef663f3 elementor-widget elementor-widget-heading\" data-id=\"ef663f3\" data-element_type=\"widget\" data-widget_type=\"heading.default\">\n\t\t\t\t<div class=\"elementor-widget-container\">\n\t\t\t\t\t<h2 class=\"elementor-heading-title elementor-size-default\"><a href=\"https:\/\/corona-hilfe-versuch.com\/?page_id=12\">Halsw\u00e4rmer mit Zwiebeleinsatz<\/a><\/h2>\t\t\t\t<\/div>\n\t\t\t\t<\/div>\n\t\t\t\t<div class=\"elementor-element elementor-element-76d9fe3 elementor-widget elementor-widget-heading\" data-id=\"76d9fe3\" data-element_type=\"widget\" data-widget_type=\"heading.default\">\n\t\t\t\t<div class=\"elementor-widget-container\">\n\t\t\t\t\t<h2 class=\"elementor-heading-title elementor-size-default\"><a href=\"https:\/\/corona-hilfe-versuch.com\/?page_id=62\">Brustw\u00e4rmer<\/a><\/h2>\t\t\t\t<\/div>\n\t\t\t\t<\/div>\n\t\t\t\t\t<\/div>\n\t\t<\/div>\n\t\t\t\t\t<\/div>\n\t\t<\/section>\n\t\t\t\t<section class=\"elementor-section elementor-top-section elementor-element elementor-element-1f3c39b elementor-section-full_width elementor-section-height-default elementor-section-height-default\" data-id=\"1f3c39b\" data-element_type=\"section\">\n\t\t\t\t\t\t<div class=\"elementor-container elementor-column-gap-default\">\n\t\t\t\t\t<div class=\"elementor-column elementor-col-100 elementor-top-column elementor-element elementor-element-9fd3cb3\" data-id=\"9fd3cb3\" data-element_type=\"column\">\n\t\t\t<div class=\"elementor-widget-wrap elementor-element-populated\">\n\t\t\t\t\t\t<div class=\"elementor-element elementor-element-3e55ff7 elementor-widget elementor-widget-heading\" data-id=\"3e55ff7\" data-element_type=\"widget\" data-widget_type=\"heading.default\">\n\t\t\t\t<div class=\"elementor-widget-container\">\n\t\t\t\t\t<h2 class=\"elementor-heading-title elementor-size-default\"><a href=\"https:\/\/corona-hilfe-versuch.com\/?page_id=110\">Kopf-Hals-Tuch<\/a><\/h2>\t\t\t\t<\/div>\n\t\t\t\t<\/div>\n\t\t\t\t\t<\/div>\n\t\t<\/div>\n\t\t\t\t\t<\/div>\n\t\t<\/section>\n\t\t\t\t<section class=\"elementor-section elementor-top-section elementor-element elementor-element-4bdba7a elementor-section-full_width elementor-section-height-default elementor-section-height-default\" data-id=\"4bdba7a\" data-element_type=\"section\">\n\t\t\t\t\t\t<div class=\"elementor-container elementor-column-gap-default\">\n\t\t\t\t\t<div class=\"elementor-column elementor-col-100 elementor-top-column elementor-element elementor-element-cccb903\" data-id=\"cccb903\" data-element_type=\"column\">\n\t\t\t<div class=\"elementor-widget-wrap elementor-element-populated\">\n\t\t\t\t\t\t<div class=\"elementor-element elementor-element-f8b8aef elementor-widget elementor-widget-heading\" data-id=\"f8b8aef\" data-element_type=\"widget\" data-widget_type=\"heading.default\">\n\t\t\t\t<div class=\"elementor-widget-container\">\n\t\t\t\t\t<h2 class=\"elementor-heading-title elementor-size-default\"><a href=\"https:\/\/corona-hilfe-versuch.com\/?page_id=79\">Lungenentz\u00fcndung + Atmung<\/a><\/h2>\t\t\t\t<\/div>\n\t\t\t\t<\/div>\n\t\t\t\t\t<\/div>\n\t\t<\/div>\n\t\t\t\t\t<\/div>\n\t\t<\/section>\n\t\t\t\t<section class=\"elementor-section elementor-top-section elementor-element elementor-element-6d027c3 elementor-section-full_width elementor-section-height-default elementor-section-height-default\" data-id=\"6d027c3\" data-element_type=\"section\">\n\t\t\t\t\t\t<div class=\"elementor-container elementor-column-gap-default\">\n\t\t\t\t\t<div class=\"elementor-column elementor-col-100 elementor-top-column elementor-element elementor-element-f0e4e8c\" data-id=\"f0e4e8c\" data-element_type=\"column\">\n\t\t\t<div class=\"elementor-widget-wrap elementor-element-populated\">\n\t\t\t\t\t\t<div class=\"elementor-element elementor-element-3a841b4 elementor-widget elementor-widget-heading\" data-id=\"3a841b4\" data-element_type=\"widget\" data-widget_type=\"heading.default\">\n\t\t\t\t<div class=\"elementor-widget-container\">\n\t\t\t\t\t<h2 class=\"elementor-heading-title elementor-size-default\"><a href=\"https:\/\/corona-hilfe-versuch.com\/?page_id=160\">Nase frei...<\/a><\/h2>\t\t\t\t<\/div>\n\t\t\t\t<\/div>\n\t\t\t\t\t<\/div>\n\t\t<\/div>\n\t\t\t\t\t<\/div>\n\t\t<\/section>\n\t\t\t\t<section class=\"elementor-section elementor-top-section elementor-element elementor-element-731fa52 elementor-section-boxed elementor-section-height-default elementor-section-height-default\" data-id=\"731fa52\" data-element_type=\"section\">\n\t\t\t\t\t\t<div class=\"elementor-container elementor-column-gap-default\">\n\t\t\t\t\t<div class=\"elementor-column elementor-col-100 elementor-top-column elementor-element elementor-element-2186065\" data-id=\"2186065\" data-element_type=\"column\">\n\t\t\t<div class=\"elementor-widget-wrap elementor-element-populated\">\n\t\t\t\t\t\t<div class=\"elementor-element elementor-element-7167984 elementor-widget elementor-widget-heading\" data-id=\"7167984\" data-element_type=\"widget\" data-widget_type=\"heading.default\">\n\t\t\t\t<div class=\"elementor-widget-container\">\n\t\t\t\t\t<h2 class=\"elementor-heading-title elementor-size-default\"><a href=\"https:\/\/corona-hilfe-versuch.com\/?page_id=194\">Was Dich stark macht...<\/a><\/h2>\t\t\t\t<\/div>\n\t\t\t\t<\/div>\n\t\t\t\t<div class=\"elementor-element elementor-element-e9e26a7 elementor-widget elementor-widget-heading\" data-id=\"e9e26a7\" data-element_type=\"widget\" data-widget_type=\"heading.default\">\n\t\t\t\t<div class=\"elementor-widget-container\">\n\t\t\t\t\t<h2 class=\"elementor-heading-title elementor-size-default\"><a href=\"https:\/\/corona-hilfe-versuch.com\/?page_id=33\">Sonstiges<\/a><\/h2>\t\t\t\t<\/div>\n\t\t\t\t<\/div>\n\t\t\t\t\t<\/div>\n\t\t<\/div>\n\t\t\t\t\t<\/div>\n\t\t<\/section>\n\t\t\t\t<section class=\"elementor-section elementor-top-section elementor-element elementor-element-b749543 elementor-section-boxed elementor-section-height-default elementor-section-height-default\" data-id=\"b749543\" data-element_type=\"section\">\n\t\t\t\t\t\t<div class=\"elementor-container elementor-column-gap-default\">\n\t\t\t\t\t<div class=\"elementor-column elementor-col-100 elementor-top-column elementor-element elementor-element-9aacb7a\" data-id=\"9aacb7a\" data-element_type=\"column\">\n\t\t\t<div class=\"elementor-widget-wrap elementor-element-populated\">\n\t\t\t\t\t\t<div class=\"elementor-element elementor-element-50e760f elementor-widget elementor-widget-heading\" data-id=\"50e760f\" data-element_type=\"widget\" data-widget_type=\"heading.default\">\n\t\t\t\t<div class=\"elementor-widget-container\">\n\t\t\t\t\t<h2 class=\"elementor-heading-title elementor-size-default\"><a href=\"https:\/\/corona-hilfe-versuch.com\/?page_id=119\">Warum ?<\/a><\/h2>\t\t\t\t<\/div>\n\t\t\t\t<\/div>\n\t\t\t\t\t<\/div>\n\t\t<\/div>\n\t\t\t\t\t<\/div>\n\t\t<\/section>\n\t\t\t\t<section class=\"elementor-section elementor-top-section elementor-element elementor-element-8929e68 elementor-section-boxed elementor-section-height-default elementor-section-height-default\" data-id=\"8929e68\" data-element_type=\"section\">\n\t\t\t\t\t\t<div class=\"elementor-container elementor-column-gap-default\">\n\t\t\t\t\t<div class=\"elementor-column elementor-col-100 elementor-top-column elementor-element elementor-element-aba462e\" data-id=\"aba462e\" data-element_type=\"column\">\n\t\t\t<div class=\"elementor-widget-wrap elementor-element-populated\">\n\t\t\t\t\t\t<div class=\"elementor-element elementor-element-a56ac50 elementor-widget elementor-widget-text-editor\" data-id=\"a56ac50\" data-element_type=\"widget\" data-widget_type=\"text-editor.default\">\n\t\t\t\t<div class=\"elementor-widget-container\">\n\t\t\t\t\t\t\t\t\t<p style=\"text-align: center;\">Gute Besserung!<\/p><p>Wenn wir Ihnen mit unseren Ideen helfen konnten, w\u00fcrden wir uns sehr freuen, wenn auch Sie anderen Menschen helfen w\u00fcrden.<\/p><ul><li>Geben Sie die Infos weiter.<\/li><li>Am einfachsten ist es vermutlich immer noch mit Geld&#8230; z.B. SOS-Kinderd\u00f6rfer, Unicef, UNO Fl\u00fcchtlingshilfe<\/li><\/ul><p>AM ENDE WIRD ES GLEICHG\u00dcLTIG SEIN, WIEVIEL WIR <span style=\"text-decoration: underline;\">GEHORTET<\/span> HABEN. DANN WIRD WOHL Z\u00c4HLEN, WIEVIEL WIR <span style=\"text-decoration: underline;\">VERSCHENKT<\/span> HABEN.<\/p><p>\u00a0<\/p><p><em>Einen <span style=\"text-decoration: underline;\"><strong>Wunsch<\/strong><\/span> h\u00e4tte ich noch:<\/em><\/p><p><em>Lassen Sie \u00f6fter mal Ihr <span style=\"text-decoration: underline;\"><strong>Auto stehen <\/strong><\/span>und nutzen f\u00fcr Ihre Eink\u00e4ufe einen Hackenporsche (Trolley).<\/em><br \/><em>Feuer \u2013 \u00dcberschwemmungen \u2013 Hungersn\u00f6te. Menschen und Tiere sterben &#8211; und alles nur, weil wir uns nicht einschr\u00e4nken wollen. Es geht auch anders \u2013 tun Sie was!!!<\/em><br \/><em>Nehmen Sie sich Ihr Rad, gehen zu Fu\u00df oder kaufen von dem gesparten Spritgeld ein Monatstickert. Ist auch viel ges\u00fcnder!<\/em><\/p>\t\t\t\t\t\t\t\t<\/div>\n\t\t\t\t<\/div>\n\t\t\t\t\t<\/div>\n\t\t<\/div>\n\t\t\t\t\t<\/div>\n\t\t<\/section>\n\t\t\t\t<section class=\"elementor-section elementor-top-section elementor-element elementor-element-be8722b elementor-section-boxed elementor-section-height-default elementor-section-height-default\" data-id=\"be8722b\" data-element_type=\"section\">\n\t\t\t\t\t\t<div class=\"elementor-container elementor-column-gap-default\">\n\t\t\t\t\t<div class=\"elementor-column elementor-col-100 elementor-top-column elementor-element elementor-element-a10b756\" data-id=\"a10b756\" data-element_type=\"column\">\n\t\t\t<div class=\"elementor-widget-wrap elementor-element-populated\">\n\t\t\t\t\t\t<div class=\"elementor-element elementor-element-7e0f72d elementor-widget elementor-widget-text-editor\" data-id=\"7e0f72d\" data-element_type=\"widget\" data-widget_type=\"text-editor.default\">\n\t\t\t\t<div class=\"elementor-widget-container\">\n\t\t\t\t\t\t\t\t\t<h3 style=\"text-align: center;\"><strong>Wissen Sie, was das Problem dieser Welt ist?<\/strong><br \/><strong>Zu viel ICH und zu wenig DU.<\/strong><\/h3>\t\t\t\t\t\t\t\t<\/div>\n\t\t\t\t<\/div>\n\t\t\t\t\t<\/div>\n\t\t<\/div>\n\t\t\t\t\t<\/div>\n\t\t<\/section>\n\t\t\t\t<section class=\"elementor-section elementor-top-section elementor-element elementor-element-9722ef4 elementor-section-boxed elementor-section-height-default elementor-section-height-default\" data-id=\"9722ef4\" data-element_type=\"section\">\n\t\t\t\t\t\t<div class=\"elementor-container elementor-column-gap-default\">\n\t\t\t\t\t<div class=\"elementor-column elementor-col-100 elementor-top-column elementor-element elementor-element-f59964d\" data-id=\"f59964d\" data-element_type=\"column\">\n\t\t\t<div class=\"elementor-widget-wrap elementor-element-populated\">\n\t\t\t\t\t\t<div class=\"elementor-element elementor-element-d59faf6 elementor-widget elementor-widget-text-editor\" data-id=\"d59faf6\" data-element_type=\"widget\" data-widget_type=\"text-editor.default\">\n\t\t\t\t<div class=\"elementor-widget-container\">\n\t\t\t\t\t\t\t\t\t<p><u>2 Lebensweisheiten:<\/u><\/p><p>Im Grunde genommen ist es ganz einfach:<\/p><ul><li><p>Wenn Du <span style=\"color: #ff420e;\"><span style=\"font-size: large;\"><b>Gott<\/b><\/span><\/span> suchst, dann schau in Dein <span style=\"color: #ff420e;\"><span style=\"font-size: large;\"><b>Herz<\/b><\/span><\/span>.<\/p><\/li><li><p>Wenn Du wissen willst, ob das, was Du <span style=\"color: #00cc33;\"><span style=\"font-size: large;\"><b>isst<\/b><\/span><\/span>, gut f\u00fcr Dich ist, dann frage Deinen <span style=\"color: #00cc33;\"><span style=\"font-size: large;\"><b>K\u00f6rper<\/b><\/span><\/span>:<\/p><ul><li><p>Wenn die Z\u00e4hne schmerzen, der Bauch rumort oder Du immer mehr von einer Sache essen m\u00f6chtest, dann ist das wohl nicht gut f\u00fcr Dich.<\/p><\/li><li><p>Alternativen: Kartoffeln und Reis, warm und kalt (als Salat, mit Obst oder mit leckeren veganen\/vegetarischen Produkten aus dem K\u00fchlregal), Mais- oder Reistaler, Gem\u00fcse knackig frisch oder gut gew\u00fcrzt gekocht sowie viel stilles Wasser.<\/p><\/li><li><p>\u201eDu bist, was Du isst!\u201c<\/p><\/li><\/ul><\/li><\/ul>\t\t\t\t\t\t\t\t<\/div>\n\t\t\t\t<\/div>\n\t\t\t\t\t<\/div>\n\t\t<\/div>\n\t\t\t\t\t<\/div>\n\t\t<\/section>\n\t\t\t\t<section class=\"elementor-section elementor-top-section elementor-element elementor-element-d039bfe elementor-section-boxed elementor-section-height-default elementor-section-height-default\" data-id=\"d039bfe\" data-element_type=\"section\">\n\t\t\t\t\t\t<div class=\"elementor-container elementor-column-gap-default\">\n\t\t\t\t\t<div class=\"elementor-column elementor-col-100 elementor-top-column elementor-element elementor-element-25e5c26\" data-id=\"25e5c26\" data-element_type=\"column\">\n\t\t\t<div class=\"elementor-widget-wrap elementor-element-populated\">\n\t\t\t\t\t\t<div class=\"elementor-element elementor-element-c5b7bc6 elementor-widget elementor-widget-text-editor\" data-id=\"c5b7bc6\" data-element_type=\"widget\" data-widget_type=\"text-editor.default\">\n\t\t\t\t<div class=\"elementor-widget-container\">\n\t\t\t\t\t\t\t\t\t<p>Sehen wir das Ganze einmal etwas entspannter (jedes Ding hat 2 Seiten):<\/p><ul><li>Wir haben wieder mehr Zeit f\u00fcr die Familie.<\/li><li>Die Solidarit\u00e4t der Menschen untereinander w\u00e4chst.<\/li><li>F\u00fcr&#8217;s Klima ist es auch sehr gut. Da bekommt unsere Welt endlich einmal eine Atempause von Wirtschafts-Wahn &#8211; alles muss nicht immer besser + schneller sein.<\/li><\/ul><p>H\u00f6ren Sie sich morgens die V\u00f6gel an, wie sch\u00f6n sie singen. Der Fr\u00fchling kommt! Und alles wird gut&#8230;wenn wir nur endlich aufh\u00f6ren, unsere Erde mit F\u00fc\u00dfen zu treten und auch mal an den Menschen neben uns denken.<\/p><p>Not macht erfinderisch &#8211; Videokonferenzen statt klimasch\u00e4dlicher Vielfliegerei &#8211; lassen auch Sie sich etwas einfallen (vielleicht ein Lebensmittel-Einkaufsdienst f\u00fcr hilfsbed\u00fcrftige, alte Menschen?&#8230;)<\/p><p>&#8230; ach \u00fcbrigens, wenn Sie kein Toilettenpapier mehr haben, dann waschen Sie sich eben &#8211; Wasser ist noch reichlich da.<\/p><p>\u00a0<\/p>\t\t\t\t\t\t\t\t<\/div>\n\t\t\t\t<\/div>\n\t\t\t\t\t<\/div>\n\t\t<\/div>\n\t\t\t\t\t<\/div>\n\t\t<\/section>\n\t\t\t\t<section class=\"elementor-section elementor-top-section elementor-element elementor-element-6ac5077 elementor-section-boxed elementor-section-height-default elementor-section-height-default\" data-id=\"6ac5077\" data-element_type=\"section\">\n\t\t\t\t\t\t<div class=\"elementor-container elementor-column-gap-default\">\n\t\t\t\t\t<div class=\"elementor-column elementor-col-100 elementor-top-column elementor-element elementor-element-9e22c58\" data-id=\"9e22c58\" data-element_type=\"column\">\n\t\t\t<div class=\"elementor-widget-wrap elementor-element-populated\">\n\t\t\t\t\t\t<div class=\"elementor-element elementor-element-c09c346 elementor-widget elementor-widget-text-editor\" data-id=\"c09c346\" data-element_type=\"widget\" data-widget_type=\"text-editor.default\">\n\t\t\t\t<div class=\"elementor-widget-container\">\n\t\t\t\t\t\t\t\t\t<p>Sorry, aber das muss ich jetzt auch noch loswerden:<\/p><p><strong><span style=\"color: #993366;\">Wir zerst\u00f6ren unsere Welt und ihre Bewohner<\/span><\/strong>. <span style=\"font-size: 1rem;\">Ich glaube, dass die Klimakatastrophen und Corona Sch\u00fcsse vor unseren Bug sind. Wir k\u00f6nnen nicht so weiter machen wie bisher. Betrachten wir das Ganze doch mal als Chance, UNS zu \u00e4ndern.<\/span><\/p><p><span style=\"font-size: 1rem;\"><strong><span style=\"color: #993366;\">Fragen Sie sich: &#8222;Was kann ich tun?&#8220;<\/span><\/strong> <\/span><\/p><p><span style=\"font-size: 1rem;\"><span style=\"color: #993366;\"><strong>Helfen Sie dem, der neben Ihnen steht und unserer Welt.<\/strong> <\/span>Jeder kann etwas tun und Not macht erfinderisch (siehe Brustw\u00e4rmer).<\/span><\/p><ul><li>Mit Einkaufstrolley statt mit Auto einkaufen gehen.<\/li><li>Fair-Trade- und Bio-Produkte kaufen<\/li><li>Dem Nachbarn helfen (Einkaufen, im Garten helfen, Kinderbetreuung)<\/li><li>Ern\u00e4hrung umstellen?<\/li><li>Unicef, SOS Kinderd\u00f6rfer, UNO Fl\u00fcchtlingshilfe unterst\u00fctzen<\/li><li>sich bei der Tafel engagieren<\/li><li>wiederverwendbare Dosen statt T\u00fcten zum Einfrieren benutzen (bspw. leer Eispackungen)<\/li><li>Reparieren (lassen) statt neu kaufen<\/li><li>Genossenschaften\/Vereine gr\u00fcnden zwecks Errichtung von Windkraft-\/Solaranlagen<\/li><li>B\u00e4ume pflanzen mit dem NaBu<\/li><li>\u00d6PNV statt Kfz<\/li><li>Nachhilfe f\u00fcr Mitsch\u00fcler<\/li><li>ein L\u00e4cheln hilf auch schon<\/li><li>\u00d6kostrom statt Atomstrom beziehen. Sie als Kunde bestimmen, was produziert wird.<\/li><li>auf Flugreisen verzichten<\/li><li>holen Sie auch mal Luft und tun sich selbst was Gutes<\/li><li>Vielleicht findet sich auch endlich mal jemand, der sich um ein Badehaus f\u00fcr Obdachlose k\u00fcmmert. (Duschen, W\u00e4sche waschen). Betrieben und beaufsichtigt von jemanden, der selbst schon mal obdachlos war. Finanziert von der Gemeinde.<\/li><li>Unterst\u00fctzen Sie Fridays-for-Future<\/li><\/ul><p>Vermutlich sind alle Religionen dieser Welt menschenfreundlich. Gef\u00e4hrlich wird es nur, wenn gewisse Menschen sie f\u00fcr ihre Zwecke missbrauchen.<\/p>\t\t\t\t\t\t\t\t<\/div>\n\t\t\t\t<\/div>\n\t\t\t\t\t<\/div>\n\t\t<\/div>\n\t\t\t\t\t<\/div>\n\t\t<\/section>\n\t\t\t\t<section class=\"elementor-section elementor-top-section elementor-element elementor-element-1bcfe65 elementor-section-boxed elementor-section-height-default elementor-section-height-default\" data-id=\"1bcfe65\" data-element_type=\"section\">\n\t\t\t\t\t\t<div class=\"elementor-container elementor-column-gap-default\">\n\t\t\t\t\t<div class=\"elementor-column elementor-col-100 elementor-top-column elementor-element elementor-element-a35b95a\" data-id=\"a35b95a\" data-element_type=\"column\">\n\t\t\t<div class=\"elementor-widget-wrap elementor-element-populated\">\n\t\t\t\t\t\t<div class=\"elementor-element elementor-element-dcbc9ec elementor-widget elementor-widget-text-editor\" data-id=\"dcbc9ec\" data-element_type=\"widget\" data-widget_type=\"text-editor.default\">\n\t\t\t\t<div class=\"elementor-widget-container\">\n\t\t\t\t\t\t\t\t\t<p>Corona ist sicherlich eine weltweite Herausforderung an uns alle. Aber wenn wir nur 1\/4 des Engagements, das wir f\u00fcr Corona aufbringen f\u00fcr unser Klime und unsere Umwelt zeigen w\u00fcrden, h\u00e4tten wir vermutlich keine Klimakatastrophen mehr.<\/p>\t\t\t\t\t\t\t\t<\/div>\n\t\t\t\t<\/div>\n\t\t\t\t\t<\/div>\n\t\t<\/div>\n\t\t\t\t\t<\/div>\n\t\t<\/section>\n\t\t\t\t<\/div>\n\t\t","protected":false},"excerpt":{"rendered":"<p>Aktuell: Ein Gedanke zum Weihnachtsfest: Ich stehe morgens fr\u00fch auf und muss in viele dunkle R\u00e4ume, da ich zu geizig bin, jedes Mal das Licht anzumachen. Die Dunkelheit mag ich aber nicht. Jetzt habe ich mir eine elektrische Adventskranzkerze geschnappt und trage sie in der Bademanteltasche immer bei mir. Auch wenn ein Raum zun\u00e4chst dunkel &hellip; <\/p>\n<p class=\"link-more\"><a href=\"https:\/\/corona-hilfe-versuch.com\/\" class=\"more-link\"><span class=\"screen-reader-text\">\u201eHallo und Willkommen!\u201c <\/span>weiterlesen<\/a><\/p>\n","protected":false},"author":1,"featured_media":0,"parent":0,"menu_order":0,"comment_status":"closed","ping_status":"closed","template":"elementor_header_footer","meta":{"footnotes":""},"class_list":["post-2","page","type-page","status-publish","hentry"],"_links":{"self":[{"href":"https:\/\/corona-hilfe-versuch.com\/index.php?rest_route=\/wp\/v2\/pages\/2","targetHints":{"allow":["GET"]}}],"collection":[{"href":"https:\/\/corona-hilfe-versuch.com\/index.php?rest_route=\/wp\/v2\/pages"}],"about":[{"href":"https:\/\/corona-hilfe-versuch.com\/index.php?rest_route=\/wp\/v2\/types\/page"}],"author":[{"embeddable":true,"href":"https:\/\/corona-hilfe-versuch.com\/index.php?rest_route=\/wp\/v2\/users\/1"}],"replies":[{"embeddable":true,"href":"https:\/\/corona-hilfe-versuch.com\/index.php?rest_route=%2Fwp%2Fv2%2Fcomments&post=2"}],"version-history":[{"count":68,"href":"https:\/\/corona-hilfe-versuch.com\/index.php?rest_route=\/wp\/v2\/pages\/2\/revisions"}],"predecessor-version":[{"id":437,"href":"https:\/\/corona-hilfe-versuch.com\/index.php?rest_route=\/wp\/v2\/pages\/2\/revisions\/437"}],"wp:attachment":[{"href":"https:\/\/corona-hilfe-versuch.com\/index.php?rest_route=%2Fwp%2Fv2%2Fmedia&parent=2"}],"curies":[{"name":"wp","href":"https:\/\/api.w.org\/{rel}","templated":true}]}}