{"id":194,"date":"2021-04-25T08:35:14","date_gmt":"2021-04-25T08:35:14","guid":{"rendered":"https:\/\/corona-hilfe-versuch.com\/?page_id=194"},"modified":"2021-09-10T04:03:40","modified_gmt":"2021-09-10T04:03:40","slug":"was-dich-stark-macht","status":"publish","type":"page","link":"https:\/\/corona-hilfe-versuch.com\/?page_id=194","title":{"rendered":"Was Dich stark macht&#8230;"},"content":{"rendered":"\t\t<div data-elementor-type=\"wp-page\" data-elementor-id=\"194\" class=\"elementor elementor-194\">\n\t\t\t\t\t\t<section class=\"elementor-section elementor-top-section elementor-element elementor-element-7ecf112 elementor-section-boxed elementor-section-height-default elementor-section-height-default\" data-id=\"7ecf112\" data-element_type=\"section\">\n\t\t\t\t\t\t<div class=\"elementor-container elementor-column-gap-default\">\n\t\t\t\t\t<div class=\"elementor-column elementor-col-100 elementor-top-column elementor-element elementor-element-0713ff3\" data-id=\"0713ff3\" data-element_type=\"column\">\n\t\t\t<div class=\"elementor-widget-wrap elementor-element-populated\">\n\t\t\t\t\t\t<div class=\"elementor-element elementor-element-8fec6fe elementor-widget elementor-widget-text-editor\" data-id=\"8fec6fe\" data-element_type=\"widget\" data-widget_type=\"text-editor.default\">\n\t\t\t\t<div class=\"elementor-widget-container\">\n\t\t\t\t\t\t\t\t\t<h2><span style=\"text-decoration: underline;\"><strong>&#8230;was Dich stark macht:<\/strong><\/span><\/h2><p><span style=\"text-decoration: underline;\"><strong><span style=\"color: #000000; text-decoration: underline;\"><br \/>K\u00f6rper<\/span><\/strong><\/span><\/p><ul><li style=\"list-style-type: none;\"><ul><li>GESUNDES Essen und VIEL STILLES Wasser<\/li><li>Bewegung an frischer Luft<\/li><li>erholsamer Schlaf (siehe schlafen-besser.de)<\/li><li>KEIN Zucker<br \/>Der macht Dich nur schwach und s\u00fcchtig&#8230;das Bed\u00fcrfnis nach S\u00fc\u00dfem l\u00e4sst nach 2-3 Monaten nach, wenn Du Zucker wirklich meidet&#8230;<ul><li>Obst, Gurke\/Paprika und selbst zusammengestellte zuckerlose M\u00fcslis statt Schokoriegel,<\/li><li>K\u00e4se und zuckerloser Brotaufstriche statt Marmelade und Co&#8230;<\/li><li>und nat\u00fcrlich auch keine Teilchen mehr aus der B\u00e4ckerei.<\/li><li><span style=\"font-size: 1rem;\">Ist \u00fcbrigens auch prima f\u00fcr die Z\u00e4hne. (Denen hilft au\u00dferdem eine gute Munddusche (z.B. von waterpik) und Zahnseide!)<\/span><\/li><\/ul><\/li><li>jeden Tag ein Apfel (an apple a day keeps the doctor away&#8230;)<\/li><\/ul><\/li><\/ul><p><span style=\"color: #000000;\"><strong><span style=\"text-decoration: underline;\"><br \/>Geist<\/span><\/strong><\/span><\/p><ul><li style=\"list-style-type: none;\"><ul><li>positives Denken<\/li><\/ul><\/li><\/ul><p><span style=\"text-decoration: underline; color: #000000;\"><strong><br \/>Seele<\/strong><\/span><\/p><ul><li style=\"list-style-type: none;\"><ul><li>innerer Frieden<\/li><li>Glaube<\/li><li>Humor<\/li><\/ul><\/li><\/ul><p><span style=\"text-decoration: underline; color: #000000;\"><strong><br \/>Herz<\/strong><\/span><\/p><ul><li style=\"list-style-type: none;\"><ul><li>Freundschaft und Liebe<\/li><\/ul><\/li><\/ul>\t\t\t\t\t\t\t\t<\/div>\n\t\t\t\t<\/div>\n\t\t\t\t\t<\/div>\n\t\t<\/div>\n\t\t\t\t\t<\/div>\n\t\t<\/section>\n\t\t\t\t<\/div>\n\t\t","protected":false},"excerpt":{"rendered":"<p>&#8230;was Dich stark macht: K\u00f6rper GESUNDES Essen und VIEL STILLES Wasser Bewegung an frischer Luft erholsamer Schlaf (siehe schlafen-besser.de) KEIN ZuckerDer macht Dich nur schwach und s\u00fcchtig&#8230;das Bed\u00fcrfnis nach S\u00fc\u00dfem l\u00e4sst nach 2-3 Monaten nach, wenn Du Zucker wirklich meidet&#8230; Obst, Gurke\/Paprika und selbst zusammengestellte zuckerlose M\u00fcslis statt Schokoriegel, K\u00e4se und zuckerloser Brotaufstriche statt Marmelade &hellip; <\/p>\n<p class=\"link-more\"><a href=\"https:\/\/corona-hilfe-versuch.com\/?page_id=194\" class=\"more-link\"><span class=\"screen-reader-text\">\u201eWas Dich stark macht&#8230;\u201c <\/span>weiterlesen<\/a><\/p>\n","protected":false},"author":1,"featured_media":0,"parent":0,"menu_order":0,"comment_status":"closed","ping_status":"closed","template":"elementor_header_footer","meta":{"footnotes":""},"class_list":["post-194","page","type-page","status-publish","hentry"],"_links":{"self":[{"href":"https:\/\/corona-hilfe-versuch.com\/index.php?rest_route=\/wp\/v2\/pages\/194","targetHints":{"allow":["GET"]}}],"collection":[{"href":"https:\/\/corona-hilfe-versuch.com\/index.php?rest_route=\/wp\/v2\/pages"}],"about":[{"href":"https:\/\/corona-hilfe-versuch.com\/index.php?rest_route=\/wp\/v2\/types\/page"}],"author":[{"embeddable":true,"href":"https:\/\/corona-hilfe-versuch.com\/index.php?rest_route=\/wp\/v2\/users\/1"}],"replies":[{"embeddable":true,"href":"https:\/\/corona-hilfe-versuch.com\/index.php?rest_route=%2Fwp%2Fv2%2Fcomments&post=194"}],"version-history":[{"count":31,"href":"https:\/\/corona-hilfe-versuch.com\/index.php?rest_route=\/wp\/v2\/pages\/194\/revisions"}],"predecessor-version":[{"id":230,"href":"https:\/\/corona-hilfe-versuch.com\/index.php?rest_route=\/wp\/v2\/pages\/194\/revisions\/230"}],"wp:attachment":[{"href":"https:\/\/corona-hilfe-versuch.com\/index.php?rest_route=%2Fwp%2Fv2%2Fmedia&parent=194"}],"curies":[{"name":"wp","href":"https:\/\/api.w.org\/{rel}","templated":true}]}}