{"id":12,"date":"2020-03-15T11:27:34","date_gmt":"2020-03-15T11:27:34","guid":{"rendered":"http:\/\/corona-hilfe-versuch.com\/?page_id=12"},"modified":"2020-04-04T05:28:17","modified_gmt":"2020-04-04T05:28:17","slug":"halswaermer-mit-zwiebeleinsatz","status":"publish","type":"page","link":"https:\/\/corona-hilfe-versuch.com\/?page_id=12","title":{"rendered":"Halsw\u00e4rmer mit Zwiebeleinsatz"},"content":{"rendered":"\t\t<div data-elementor-type=\"wp-page\" data-elementor-id=\"12\" class=\"elementor elementor-12\">\n\t\t\t\t\t\t<section class=\"elementor-section elementor-top-section elementor-element elementor-element-0729627 elementor-section-boxed elementor-section-height-default elementor-section-height-default\" data-id=\"0729627\" data-element_type=\"section\">\n\t\t\t\t\t\t<div class=\"elementor-container elementor-column-gap-default\">\n\t\t\t\t\t<div class=\"elementor-column elementor-col-100 elementor-top-column elementor-element elementor-element-1741242\" data-id=\"1741242\" data-element_type=\"column\">\n\t\t\t<div class=\"elementor-widget-wrap elementor-element-populated\">\n\t\t\t\t\t\t<div class=\"elementor-element elementor-element-b3cffd4 elementor-widget elementor-widget-heading\" data-id=\"b3cffd4\" data-element_type=\"widget\" data-widget_type=\"heading.default\">\n\t\t\t\t<div class=\"elementor-widget-container\">\n\t\t\t\t\t<h2 class=\"elementor-heading-title elementor-size-default\">Halsw\u00e4rmer mit Zwiebeleinsatz<\/h2>\t\t\t\t<\/div>\n\t\t\t\t<\/div>\n\t\t\t\t\t<\/div>\n\t\t<\/div>\n\t\t\t\t\t<\/div>\n\t\t<\/section>\n\t\t\t\t<section class=\"elementor-section elementor-top-section elementor-element elementor-element-bf4813f elementor-section-boxed elementor-section-height-default elementor-section-height-default\" data-id=\"bf4813f\" data-element_type=\"section\">\n\t\t\t\t\t\t<div class=\"elementor-container elementor-column-gap-default\">\n\t\t\t\t\t<div class=\"elementor-column elementor-col-100 elementor-top-column elementor-element elementor-element-6a1158c\" data-id=\"6a1158c\" data-element_type=\"column\">\n\t\t\t<div class=\"elementor-widget-wrap elementor-element-populated\">\n\t\t\t\t\t\t<div class=\"elementor-element elementor-element-005501a elementor-widget elementor-widget-text-editor\" data-id=\"005501a\" data-element_type=\"widget\" data-widget_type=\"text-editor.default\">\n\t\t\t\t<div class=\"elementor-widget-container\">\n\t\t\t\t\t\t\t\t\t<p>Was ist das &#8211; ein Halsw\u00e4rmer mit Zwiebeleinsatz?<\/p>\t\t\t\t\t\t\t\t<\/div>\n\t\t\t\t<\/div>\n\t\t\t\t\t<\/div>\n\t\t<\/div>\n\t\t\t\t\t<\/div>\n\t\t<\/section>\n\t\t\t\t<section class=\"elementor-section elementor-top-section elementor-element elementor-element-a96a225 elementor-section-boxed elementor-section-height-default elementor-section-height-default\" data-id=\"a96a225\" data-element_type=\"section\">\n\t\t\t\t\t\t<div class=\"elementor-container elementor-column-gap-default\">\n\t\t\t\t\t<div class=\"elementor-column elementor-col-50 elementor-top-column elementor-element elementor-element-c66196d\" data-id=\"c66196d\" data-element_type=\"column\">\n\t\t\t<div class=\"elementor-widget-wrap elementor-element-populated\">\n\t\t\t\t\t\t<div class=\"elementor-element elementor-element-eebab90 elementor-widget elementor-widget-text-editor\" data-id=\"eebab90\" data-element_type=\"widget\" data-widget_type=\"text-editor.default\">\n\t\t\t\t<div class=\"elementor-widget-container\">\n\t\t\t\t\t\t\t\t\t<p>So soll der Halsw\u00e4rmer hinterher aussehen.\u00a0<\/p><p>Ziel:<\/p><ul><li>Zwiebeln helfen in jeglicher Form von <span style=\"text-decoration: underline;\">Entz\u00fcndungen.<\/span><br \/>(von Schnupfen \u00fcber Halsschmerzen bis zu Husten)<\/li><li>Mein Problem war, die Zwiebel am Hals zu befestigen und diesen gleichzeitig angenehm zu <span style=\"text-decoration: underline;\">w\u00e4rmen<\/span>.<\/li><li>Sie brauchen weder Fachwissen noch eine N\u00e4hmaschine. Der Stoff franst nicht aus. Sie k\u00f6nnen ihn auch mit der Hand n\u00e4hen.<\/li><li>Die Zwiebelh\u00e4lfte sollte <span style=\"text-decoration: underline;\">unterhalb des Kehlkopfes<\/span> (\u00dcbergang vom Hals zur Brust &#8211; in der &#8222;Knochenkuhle des Brustbeins&#8220;) liegen.<\/li><li>Vergessen Sie nicht, die Zwiebelh\u00e4lfte ca. alle 12 Std. zu <span style=\"text-decoration: underline;\">erneuern<\/span>. (Wirkt sonst nicht mehr, da zu trocken &#8211; au\u00dferdem ist sie ein Lebensmittel, dass auch schlecht werden kann.)<\/li><\/ul><p>Dies ist meine L\u00f6sung:<\/p>\t\t\t\t\t\t\t\t<\/div>\n\t\t\t\t<\/div>\n\t\t\t\t\t<\/div>\n\t\t<\/div>\n\t\t\t\t<div class=\"elementor-column elementor-col-50 elementor-top-column elementor-element elementor-element-42e7ff2\" data-id=\"42e7ff2\" data-element_type=\"column\">\n\t\t\t<div class=\"elementor-widget-wrap elementor-element-populated\">\n\t\t\t\t\t\t<div class=\"elementor-element elementor-element-451d9ad elementor-widget elementor-widget-image\" data-id=\"451d9ad\" data-element_type=\"widget\" data-widget_type=\"image.default\">\n\t\t\t\t<div class=\"elementor-widget-container\">\n\t\t\t\t\t\t\t\t\t\t\t\t\t\t\t<img fetchpriority=\"high\" decoding=\"async\" width=\"525\" height=\"700\" src=\"https:\/\/corona-hilfe-versuch.com\/wp-content\/uploads\/2020\/03\/IMG_20200315_103400-768x1024.jpg\" class=\"attachment-large size-large wp-image-19\" alt=\"\" srcset=\"https:\/\/corona-hilfe-versuch.com\/wp-content\/uploads\/2020\/03\/IMG_20200315_103400-768x1024.jpg 768w, https:\/\/corona-hilfe-versuch.com\/wp-content\/uploads\/2020\/03\/IMG_20200315_103400-225x300.jpg 225w, https:\/\/corona-hilfe-versuch.com\/wp-content\/uploads\/2020\/03\/IMG_20200315_103400-1152x1536.jpg 1152w, https:\/\/corona-hilfe-versuch.com\/wp-content\/uploads\/2020\/03\/IMG_20200315_103400.jpg 1224w\" sizes=\"100vw\" \/>\t\t\t\t\t\t\t\t\t\t\t\t\t\t\t<\/div>\n\t\t\t\t<\/div>\n\t\t\t\t\t<\/div>\n\t\t<\/div>\n\t\t\t\t\t<\/div>\n\t\t<\/section>\n\t\t\t\t<section class=\"elementor-section elementor-top-section elementor-element elementor-element-2b3dce8 elementor-section-boxed elementor-section-height-default elementor-section-height-default\" data-id=\"2b3dce8\" data-element_type=\"section\">\n\t\t\t\t\t\t<div class=\"elementor-container elementor-column-gap-default\">\n\t\t\t\t\t<div class=\"elementor-column elementor-col-50 elementor-top-column elementor-element elementor-element-3473443\" data-id=\"3473443\" data-element_type=\"column\">\n\t\t\t<div class=\"elementor-widget-wrap elementor-element-populated\">\n\t\t\t\t\t\t<div class=\"elementor-element elementor-element-121d7e2 elementor-widget elementor-widget-text-editor\" data-id=\"121d7e2\" data-element_type=\"widget\" data-widget_type=\"text-editor.default\">\n\t\t\t\t<div class=\"elementor-widget-container\">\n\t\t\t\t\t\t\t\t\t<p>Sie brauchen:<\/p><ol><li>Dehnbaren Baumwollstoff &#8211; Schlauchstoff (erh\u00e4ltlich im Stoffladen). In der Regel ist dieser Schlauchstoff ca. 30cm breit. In der L\u00e4nge haben wir 50cm gew\u00e4hlt, weil der Stoff im Gebrauch Falten wirft.<br \/><br \/><\/li><li>Ein kleines St\u00fcck aus einem W\u00e4schenetz ca. 12 x 12cm<br \/>(W\u00e4schenetze erh\u00e4lt man z.B. im Haushaltswarengesch\u00e4ft\/ Discounter).<br \/><br \/><\/li><li>Frische Zwiebeln<\/li><\/ol>\t\t\t\t\t\t\t\t<\/div>\n\t\t\t\t<\/div>\n\t\t\t\t\t<\/div>\n\t\t<\/div>\n\t\t\t\t<div class=\"elementor-column elementor-col-50 elementor-top-column elementor-element elementor-element-3661d45\" data-id=\"3661d45\" data-element_type=\"column\">\n\t\t\t<div class=\"elementor-widget-wrap elementor-element-populated\">\n\t\t\t\t\t\t<div class=\"elementor-element elementor-element-f741bba elementor-widget elementor-widget-image\" data-id=\"f741bba\" data-element_type=\"widget\" data-widget_type=\"image.default\">\n\t\t\t\t<div class=\"elementor-widget-container\">\n\t\t\t\t\t\t\t\t\t\t\t\t\t\t\t<img decoding=\"async\" width=\"525\" height=\"394\" src=\"https:\/\/corona-hilfe-versuch.com\/wp-content\/uploads\/2020\/03\/IMG_20200315_095314-1024x768.jpg\" class=\"attachment-large size-large wp-image-16\" alt=\"\" srcset=\"https:\/\/corona-hilfe-versuch.com\/wp-content\/uploads\/2020\/03\/IMG_20200315_095314-1024x768.jpg 1024w, https:\/\/corona-hilfe-versuch.com\/wp-content\/uploads\/2020\/03\/IMG_20200315_095314-300x225.jpg 300w, https:\/\/corona-hilfe-versuch.com\/wp-content\/uploads\/2020\/03\/IMG_20200315_095314-768x576.jpg 768w, https:\/\/corona-hilfe-versuch.com\/wp-content\/uploads\/2020\/03\/IMG_20200315_095314-1536x1152.jpg 1536w, https:\/\/corona-hilfe-versuch.com\/wp-content\/uploads\/2020\/03\/IMG_20200315_095314.jpg 1632w\" sizes=\"100vw\" \/>\t\t\t\t\t\t\t\t\t\t\t\t\t\t\t<\/div>\n\t\t\t\t<\/div>\n\t\t\t\t\t<\/div>\n\t\t<\/div>\n\t\t\t\t\t<\/div>\n\t\t<\/section>\n\t\t\t\t<section class=\"elementor-section elementor-top-section elementor-element elementor-element-3b28e9b elementor-section-boxed elementor-section-height-default elementor-section-height-default\" data-id=\"3b28e9b\" data-element_type=\"section\">\n\t\t\t\t\t\t<div class=\"elementor-container elementor-column-gap-default\">\n\t\t\t\t\t<div class=\"elementor-column elementor-col-50 elementor-top-column elementor-element elementor-element-fc67bc6\" data-id=\"fc67bc6\" data-element_type=\"column\">\n\t\t\t<div class=\"elementor-widget-wrap elementor-element-populated\">\n\t\t\t\t\t\t<div class=\"elementor-element elementor-element-4b0550d elementor-widget elementor-widget-text-editor\" data-id=\"4b0550d\" data-element_type=\"widget\" data-widget_type=\"text-editor.default\">\n\t\t\t\t<div class=\"elementor-widget-container\">\n\t\t\t\t\t\t\t\t\t<ol><li>Schneiden Sie den Schlauchstoff an der langen Seite (50cm-Seite) auf.<\/li><li>Falten Sie den Stoff auseinander und legen Sie ihn mit der 2x30cm-Seite um den Hals.<\/li><li>Geben Sie 1cm f\u00fcr die Naht dazu und schneiden den Stoff dann passend.<\/li><\/ol><p>Das nebenstehende Bild zeigt nur Schritt 3!<\/p>\t\t\t\t\t\t\t\t<\/div>\n\t\t\t\t<\/div>\n\t\t\t\t\t<\/div>\n\t\t<\/div>\n\t\t\t\t<div class=\"elementor-column elementor-col-50 elementor-top-column elementor-element elementor-element-d975c63\" data-id=\"d975c63\" data-element_type=\"column\">\n\t\t\t<div class=\"elementor-widget-wrap elementor-element-populated\">\n\t\t\t\t\t\t<div class=\"elementor-element elementor-element-07fa0f2 elementor-widget elementor-widget-image\" data-id=\"07fa0f2\" data-element_type=\"widget\" data-widget_type=\"image.default\">\n\t\t\t\t<div class=\"elementor-widget-container\">\n\t\t\t\t\t\t\t\t\t\t\t\t\t\t\t<img decoding=\"async\" width=\"525\" height=\"394\" src=\"https:\/\/corona-hilfe-versuch.com\/wp-content\/uploads\/2020\/03\/IMG_20200315_100412-1024x768.jpg\" class=\"attachment-large size-large wp-image-28\" alt=\"\" srcset=\"https:\/\/corona-hilfe-versuch.com\/wp-content\/uploads\/2020\/03\/IMG_20200315_100412-1024x768.jpg 1024w, https:\/\/corona-hilfe-versuch.com\/wp-content\/uploads\/2020\/03\/IMG_20200315_100412-300x225.jpg 300w, https:\/\/corona-hilfe-versuch.com\/wp-content\/uploads\/2020\/03\/IMG_20200315_100412-768x576.jpg 768w, https:\/\/corona-hilfe-versuch.com\/wp-content\/uploads\/2020\/03\/IMG_20200315_100412-1536x1152.jpg 1536w, https:\/\/corona-hilfe-versuch.com\/wp-content\/uploads\/2020\/03\/IMG_20200315_100412-rotated.jpg 1632w\" sizes=\"100vw\" \/>\t\t\t\t\t\t\t\t\t\t\t\t\t\t\t<\/div>\n\t\t\t\t<\/div>\n\t\t\t\t\t<\/div>\n\t\t<\/div>\n\t\t\t\t\t<\/div>\n\t\t<\/section>\n\t\t\t\t<section class=\"elementor-section elementor-top-section elementor-element elementor-element-99e1d74 elementor-section-boxed elementor-section-height-default elementor-section-height-default\" data-id=\"99e1d74\" data-element_type=\"section\">\n\t\t\t\t\t\t<div class=\"elementor-container elementor-column-gap-default\">\n\t\t\t\t\t<div class=\"elementor-column elementor-col-50 elementor-top-column elementor-element elementor-element-775139a\" data-id=\"775139a\" data-element_type=\"column\">\n\t\t\t<div class=\"elementor-widget-wrap elementor-element-populated\">\n\t\t\t\t\t\t<div class=\"elementor-element elementor-element-ec886e0 elementor-widget elementor-widget-text-editor\" data-id=\"ec886e0\" data-element_type=\"widget\" data-widget_type=\"text-editor.default\">\n\t\t\t\t<div class=\"elementor-widget-container\">\n\t\t\t\t\t\t\t\t\t<p>Ein St\u00fcck vom W\u00e4schenetz trapezf\u00f6rmig mittig auf den Schlauchstoff aufn\u00e4hen.\u00a0 Achtung: Bitte nur an einer Stoffseite das W\u00e4schenetz ann\u00e4hen (nicht beide Stofflagen zusammenn\u00e4hen).<\/p><p>Das W\u00e4schenetz hat eine nach oben schmaler werdende Form, damit sp\u00e4ter die Zwiebel nicht herausfallen kann.<\/p>\t\t\t\t\t\t\t\t<\/div>\n\t\t\t\t<\/div>\n\t\t\t\t\t<\/div>\n\t\t<\/div>\n\t\t\t\t<div class=\"elementor-column elementor-col-50 elementor-top-column elementor-element elementor-element-2c61736\" data-id=\"2c61736\" data-element_type=\"column\">\n\t\t\t<div class=\"elementor-widget-wrap elementor-element-populated\">\n\t\t\t\t\t\t<div class=\"elementor-element elementor-element-b2af08e elementor-widget elementor-widget-image\" data-id=\"b2af08e\" data-element_type=\"widget\" data-widget_type=\"image.default\">\n\t\t\t\t<div class=\"elementor-widget-container\">\n\t\t\t\t\t\t\t\t\t\t\t\t\t\t\t<img loading=\"lazy\" decoding=\"async\" width=\"525\" height=\"394\" src=\"https:\/\/corona-hilfe-versuch.com\/wp-content\/uploads\/2020\/03\/IMG_20200315_104647-1024x768.jpg\" class=\"attachment-large size-large wp-image-22\" alt=\"\" srcset=\"https:\/\/corona-hilfe-versuch.com\/wp-content\/uploads\/2020\/03\/IMG_20200315_104647-1024x768.jpg 1024w, https:\/\/corona-hilfe-versuch.com\/wp-content\/uploads\/2020\/03\/IMG_20200315_104647-300x225.jpg 300w, https:\/\/corona-hilfe-versuch.com\/wp-content\/uploads\/2020\/03\/IMG_20200315_104647-768x576.jpg 768w, https:\/\/corona-hilfe-versuch.com\/wp-content\/uploads\/2020\/03\/IMG_20200315_104647-1536x1152.jpg 1536w, https:\/\/corona-hilfe-versuch.com\/wp-content\/uploads\/2020\/03\/IMG_20200315_104647.jpg 1632w\" sizes=\"100vw\" \/>\t\t\t\t\t\t\t\t\t\t\t\t\t\t\t<\/div>\n\t\t\t\t<\/div>\n\t\t\t\t\t<\/div>\n\t\t<\/div>\n\t\t\t\t\t<\/div>\n\t\t<\/section>\n\t\t\t\t<section class=\"elementor-section elementor-top-section elementor-element elementor-element-8964446 elementor-section-boxed elementor-section-height-default elementor-section-height-default\" data-id=\"8964446\" data-element_type=\"section\">\n\t\t\t\t\t\t<div class=\"elementor-container elementor-column-gap-default\">\n\t\t\t\t\t<div class=\"elementor-column elementor-col-50 elementor-top-column elementor-element elementor-element-84e78e0\" data-id=\"84e78e0\" data-element_type=\"column\">\n\t\t\t<div class=\"elementor-widget-wrap elementor-element-populated\">\n\t\t\t\t\t\t<div class=\"elementor-element elementor-element-b4bd457 elementor-widget elementor-widget-text-editor\" data-id=\"b4bd457\" data-element_type=\"widget\" data-widget_type=\"text-editor.default\">\n\t\t\t\t<div class=\"elementor-widget-container\">\n\t\t\t\t\t\t\t\t\t<p>Nun die lange, abgeschnittene Seite zun\u00e4hen (auf dem Bild die untere Seite).<\/p>\t\t\t\t\t\t\t\t<\/div>\n\t\t\t\t<\/div>\n\t\t\t\t\t<\/div>\n\t\t<\/div>\n\t\t\t\t<div class=\"elementor-column elementor-col-50 elementor-top-column elementor-element elementor-element-ebcc9fb\" data-id=\"ebcc9fb\" data-element_type=\"column\">\n\t\t\t<div class=\"elementor-widget-wrap elementor-element-populated\">\n\t\t\t\t\t\t<div class=\"elementor-element elementor-element-77f9f25 elementor-widget elementor-widget-image\" data-id=\"77f9f25\" data-element_type=\"widget\" data-widget_type=\"image.default\">\n\t\t\t\t<div class=\"elementor-widget-container\">\n\t\t\t\t\t\t\t\t\t\t\t\t\t\t\t<img loading=\"lazy\" decoding=\"async\" width=\"525\" height=\"394\" src=\"https:\/\/corona-hilfe-versuch.com\/wp-content\/uploads\/2020\/03\/IMG_20200315_103121-1024x768.jpg\" class=\"attachment-large size-large wp-image-18\" alt=\"\" srcset=\"https:\/\/corona-hilfe-versuch.com\/wp-content\/uploads\/2020\/03\/IMG_20200315_103121-1024x768.jpg 1024w, https:\/\/corona-hilfe-versuch.com\/wp-content\/uploads\/2020\/03\/IMG_20200315_103121-300x225.jpg 300w, https:\/\/corona-hilfe-versuch.com\/wp-content\/uploads\/2020\/03\/IMG_20200315_103121-768x576.jpg 768w, https:\/\/corona-hilfe-versuch.com\/wp-content\/uploads\/2020\/03\/IMG_20200315_103121-1536x1152.jpg 1536w, https:\/\/corona-hilfe-versuch.com\/wp-content\/uploads\/2020\/03\/IMG_20200315_103121.jpg 1632w\" sizes=\"100vw\" \/>\t\t\t\t\t\t\t\t\t\t\t\t\t\t\t<\/div>\n\t\t\t\t<\/div>\n\t\t\t\t\t<\/div>\n\t\t<\/div>\n\t\t\t\t\t<\/div>\n\t\t<\/section>\n\t\t\t\t<section class=\"elementor-section elementor-top-section elementor-element elementor-element-34ebd59 elementor-section-boxed elementor-section-height-default elementor-section-height-default\" data-id=\"34ebd59\" data-element_type=\"section\">\n\t\t\t\t\t\t<div class=\"elementor-container elementor-column-gap-default\">\n\t\t\t\t\t<div class=\"elementor-column elementor-col-50 elementor-top-column elementor-element elementor-element-6e7905a\" data-id=\"6e7905a\" data-element_type=\"column\">\n\t\t\t<div class=\"elementor-widget-wrap elementor-element-populated\">\n\t\t\t\t\t\t<div class=\"elementor-element elementor-element-a199d3f elementor-widget elementor-widget-text-editor\" data-id=\"a199d3f\" data-element_type=\"widget\" data-widget_type=\"text-editor.default\">\n\t\t\t\t<div class=\"elementor-widget-container\">\n\t\t\t\t\t\t\t\t\t<p>Halsw\u00e4rmer auf die andere Seite drehen, frische Zwiebelscheiben hineingeben und \u00fcber den Kopf geziehen. Der Bereich mit den Zwiebeln bitte nach vorne drehen (unters Kinn).<\/p>\t\t\t\t\t\t\t\t<\/div>\n\t\t\t\t<\/div>\n\t\t\t\t\t<\/div>\n\t\t<\/div>\n\t\t\t\t<div class=\"elementor-column elementor-col-50 elementor-top-column elementor-element elementor-element-2e8867c\" data-id=\"2e8867c\" data-element_type=\"column\">\n\t\t\t<div class=\"elementor-widget-wrap elementor-element-populated\">\n\t\t\t\t\t\t<div class=\"elementor-element elementor-element-b0e52a7 elementor-widget elementor-widget-image\" data-id=\"b0e52a7\" data-element_type=\"widget\" data-widget_type=\"image.default\">\n\t\t\t\t<div class=\"elementor-widget-container\">\n\t\t\t\t\t\t\t\t\t\t\t\t\t\t\t<img fetchpriority=\"high\" decoding=\"async\" width=\"525\" height=\"700\" src=\"https:\/\/corona-hilfe-versuch.com\/wp-content\/uploads\/2020\/03\/IMG_20200315_103400-768x1024.jpg\" class=\"attachment-large size-large wp-image-19\" alt=\"\" srcset=\"https:\/\/corona-hilfe-versuch.com\/wp-content\/uploads\/2020\/03\/IMG_20200315_103400-768x1024.jpg 768w, https:\/\/corona-hilfe-versuch.com\/wp-content\/uploads\/2020\/03\/IMG_20200315_103400-225x300.jpg 225w, https:\/\/corona-hilfe-versuch.com\/wp-content\/uploads\/2020\/03\/IMG_20200315_103400-1152x1536.jpg 1152w, https:\/\/corona-hilfe-versuch.com\/wp-content\/uploads\/2020\/03\/IMG_20200315_103400.jpg 1224w\" sizes=\"100vw\" \/>\t\t\t\t\t\t\t\t\t\t\t\t\t\t\t<\/div>\n\t\t\t\t<\/div>\n\t\t\t\t\t<\/div>\n\t\t<\/div>\n\t\t\t\t\t<\/div>\n\t\t<\/section>\n\t\t\t\t<\/div>\n\t\t","protected":false},"excerpt":{"rendered":"<p>Halsw\u00e4rmer mit Zwiebeleinsatz Was ist das &#8211; ein Halsw\u00e4rmer mit Zwiebeleinsatz? So soll der Halsw\u00e4rmer hinterher aussehen.\u00a0 Ziel: Zwiebeln helfen in jeglicher Form von Entz\u00fcndungen.(von Schnupfen \u00fcber Halsschmerzen bis zu Husten) Mein Problem war, die Zwiebel am Hals zu befestigen und diesen gleichzeitig angenehm zu w\u00e4rmen. Sie brauchen weder Fachwissen noch eine N\u00e4hmaschine. Der Stoff &hellip; <\/p>\n<p class=\"link-more\"><a href=\"https:\/\/corona-hilfe-versuch.com\/?page_id=12\" class=\"more-link\"><span class=\"screen-reader-text\">\u201eHalsw\u00e4rmer mit Zwiebeleinsatz\u201c <\/span>weiterlesen<\/a><\/p>\n","protected":false},"author":1,"featured_media":0,"parent":2,"menu_order":0,"comment_status":"closed","ping_status":"closed","template":"elementor_header_footer","meta":{"footnotes":""},"class_list":["post-12","page","type-page","status-publish","hentry"],"_links":{"self":[{"href":"https:\/\/corona-hilfe-versuch.com\/index.php?rest_route=\/wp\/v2\/pages\/12","targetHints":{"allow":["GET"]}}],"collection":[{"href":"https:\/\/corona-hilfe-versuch.com\/index.php?rest_route=\/wp\/v2\/pages"}],"about":[{"href":"https:\/\/corona-hilfe-versuch.com\/index.php?rest_route=\/wp\/v2\/types\/page"}],"author":[{"embeddable":true,"href":"https:\/\/corona-hilfe-versuch.com\/index.php?rest_route=\/wp\/v2\/users\/1"}],"replies":[{"embeddable":true,"href":"https:\/\/corona-hilfe-versuch.com\/index.php?rest_route=%2Fwp%2Fv2%2Fcomments&post=12"}],"version-history":[{"count":10,"href":"https:\/\/corona-hilfe-versuch.com\/index.php?rest_route=\/wp\/v2\/pages\/12\/revisions"}],"predecessor-version":[{"id":99,"href":"https:\/\/corona-hilfe-versuch.com\/index.php?rest_route=\/wp\/v2\/pages\/12\/revisions\/99"}],"up":[{"embeddable":true,"href":"https:\/\/corona-hilfe-versuch.com\/index.php?rest_route=\/wp\/v2\/pages\/2"}],"wp:attachment":[{"href":"https:\/\/corona-hilfe-versuch.com\/index.php?rest_route=%2Fwp%2Fv2%2Fmedia&parent=12"}],"curies":[{"name":"wp","href":"https:\/\/api.w.org\/{rel}","templated":true}]}}