{"id":110,"date":"2020-09-20T09:44:29","date_gmt":"2020-09-20T09:44:29","guid":{"rendered":"https:\/\/corona-hilfe-versuch.com\/?page_id=110"},"modified":"2020-11-01T13:17:48","modified_gmt":"2020-11-01T13:17:48","slug":"kopftuch","status":"publish","type":"page","link":"https:\/\/corona-hilfe-versuch.com\/?page_id=110","title":{"rendered":"Kopftuch"},"content":{"rendered":"\t\t<div data-elementor-type=\"wp-page\" data-elementor-id=\"110\" class=\"elementor elementor-110\">\n\t\t\t\t\t\t<section class=\"elementor-section elementor-top-section elementor-element elementor-element-0729627 elementor-section-boxed elementor-section-height-default elementor-section-height-default\" data-id=\"0729627\" data-element_type=\"section\">\n\t\t\t\t\t\t<div class=\"elementor-container elementor-column-gap-default\">\n\t\t\t\t\t<div class=\"elementor-column elementor-col-100 elementor-top-column elementor-element elementor-element-1741242\" data-id=\"1741242\" data-element_type=\"column\">\n\t\t\t<div class=\"elementor-widget-wrap elementor-element-populated\">\n\t\t\t\t\t\t<div class=\"elementor-element elementor-element-b3cffd4 elementor-widget elementor-widget-heading\" data-id=\"b3cffd4\" data-element_type=\"widget\" data-widget_type=\"heading.default\">\n\t\t\t\t<div class=\"elementor-widget-container\">\n\t\t\t\t\t<h2 class=\"elementor-heading-title elementor-size-default\">W\u00e4rmendes Kopf-Hals-Tuch<\/h2>\t\t\t\t<\/div>\n\t\t\t\t<\/div>\n\t\t\t\t\t<\/div>\n\t\t<\/div>\n\t\t\t\t\t<\/div>\n\t\t<\/section>\n\t\t\t\t<section class=\"elementor-section elementor-top-section elementor-element elementor-element-2b3dce8 elementor-section-boxed elementor-section-height-default elementor-section-height-default\" data-id=\"2b3dce8\" data-element_type=\"section\">\n\t\t\t\t\t\t<div class=\"elementor-container elementor-column-gap-default\">\n\t\t\t\t\t<div class=\"elementor-column elementor-col-50 elementor-top-column elementor-element elementor-element-3473443\" data-id=\"3473443\" data-element_type=\"column\">\n\t\t\t<div class=\"elementor-widget-wrap elementor-element-populated\">\n\t\t\t\t\t\t<div class=\"elementor-element elementor-element-121d7e2 elementor-widget elementor-widget-text-editor\" data-id=\"121d7e2\" data-element_type=\"widget\" data-widget_type=\"text-editor.default\">\n\t\t\t\t<div class=\"elementor-widget-container\">\n\t\t\t\t\t\t\t\t\t<p>Sie brauchen:<\/p><ol><li>Dehnbaren Baumwollstoff &#8211; Schlauchstoff (erh\u00e4ltlich im Stoffladen). In der Regel ist dieser Schlauchstoff ca. 30cm breit. In der L\u00e4nge haben wir 50cm gew\u00e4hlt.<\/li><li>Ein St\u00fcck Gummiband.<\/li><\/ol>\t\t\t\t\t\t\t\t<\/div>\n\t\t\t\t<\/div>\n\t\t\t\t\t<\/div>\n\t\t<\/div>\n\t\t\t\t<div class=\"elementor-column elementor-col-50 elementor-top-column elementor-element elementor-element-3661d45\" data-id=\"3661d45\" data-element_type=\"column\">\n\t\t\t<div class=\"elementor-widget-wrap elementor-element-populated\">\n\t\t\t\t\t\t<div class=\"elementor-element elementor-element-f741bba elementor-widget elementor-widget-image\" data-id=\"f741bba\" data-element_type=\"widget\" data-widget_type=\"image.default\">\n\t\t\t\t<div class=\"elementor-widget-container\">\n\t\t\t\t\t\t\t\t\t\t\t\t\t\t\t<img fetchpriority=\"high\" decoding=\"async\" width=\"525\" height=\"700\" src=\"https:\/\/corona-hilfe-versuch.com\/wp-content\/uploads\/2020\/09\/IMG_20200920_104734_klein-768x1024.jpg\" class=\"attachment-large size-large wp-image-112\" alt=\"\" srcset=\"https:\/\/corona-hilfe-versuch.com\/wp-content\/uploads\/2020\/09\/IMG_20200920_104734_klein-768x1024.jpg 768w, https:\/\/corona-hilfe-versuch.com\/wp-content\/uploads\/2020\/09\/IMG_20200920_104734_klein-225x300.jpg 225w, https:\/\/corona-hilfe-versuch.com\/wp-content\/uploads\/2020\/09\/IMG_20200920_104734_klein-1152x1536.jpg 1152w, https:\/\/corona-hilfe-versuch.com\/wp-content\/uploads\/2020\/09\/IMG_20200920_104734_klein.jpg 1248w\" sizes=\"100vw\" \/>\t\t\t\t\t\t\t\t\t\t\t\t\t\t\t<\/div>\n\t\t\t\t<\/div>\n\t\t\t\t\t<\/div>\n\t\t<\/div>\n\t\t\t\t\t<\/div>\n\t\t<\/section>\n\t\t\t\t<section class=\"elementor-section elementor-top-section elementor-element elementor-element-3b28e9b elementor-section-boxed elementor-section-height-default elementor-section-height-default\" data-id=\"3b28e9b\" data-element_type=\"section\">\n\t\t\t\t\t\t<div class=\"elementor-container elementor-column-gap-default\">\n\t\t\t\t\t<div class=\"elementor-column elementor-col-50 elementor-top-column elementor-element elementor-element-fc67bc6\" data-id=\"fc67bc6\" data-element_type=\"column\">\n\t\t\t<div class=\"elementor-widget-wrap elementor-element-populated\">\n\t\t\t\t\t\t<div class=\"elementor-element elementor-element-4b0550d elementor-widget elementor-widget-text-editor\" data-id=\"4b0550d\" data-element_type=\"widget\" data-widget_type=\"text-editor.default\">\n\t\t\t\t<div class=\"elementor-widget-container\">\n\t\t\t\t\t\t\t\t\t<p>An einer Ecke den Schlauchstoff zusammenbinden.<\/p>\t\t\t\t\t\t\t\t<\/div>\n\t\t\t\t<\/div>\n\t\t\t\t\t<\/div>\n\t\t<\/div>\n\t\t\t\t<div class=\"elementor-column elementor-col-50 elementor-top-column elementor-element elementor-element-d975c63\" data-id=\"d975c63\" data-element_type=\"column\">\n\t\t\t<div class=\"elementor-widget-wrap elementor-element-populated\">\n\t\t\t\t\t\t<div class=\"elementor-element elementor-element-07fa0f2 elementor-widget elementor-widget-image\" data-id=\"07fa0f2\" data-element_type=\"widget\" data-widget_type=\"image.default\">\n\t\t\t\t<div class=\"elementor-widget-container\">\n\t\t\t\t\t\t\t\t\t\t\t\t\t\t\t<img decoding=\"async\" width=\"525\" height=\"700\" src=\"https:\/\/corona-hilfe-versuch.com\/wp-content\/uploads\/2020\/09\/IMG_20200920_104925_klein-768x1024.jpg\" class=\"attachment-large size-large wp-image-113\" alt=\"\" srcset=\"https:\/\/corona-hilfe-versuch.com\/wp-content\/uploads\/2020\/09\/IMG_20200920_104925_klein-768x1024.jpg 768w, https:\/\/corona-hilfe-versuch.com\/wp-content\/uploads\/2020\/09\/IMG_20200920_104925_klein-225x300.jpg 225w, https:\/\/corona-hilfe-versuch.com\/wp-content\/uploads\/2020\/09\/IMG_20200920_104925_klein-1152x1536.jpg 1152w, https:\/\/corona-hilfe-versuch.com\/wp-content\/uploads\/2020\/09\/IMG_20200920_104925_klein.jpg 1248w\" sizes=\"100vw\" \/>\t\t\t\t\t\t\t\t\t\t\t\t\t\t\t<\/div>\n\t\t\t\t<\/div>\n\t\t\t\t\t<\/div>\n\t\t<\/div>\n\t\t\t\t\t<\/div>\n\t\t<\/section>\n\t\t\t\t<section class=\"elementor-section elementor-top-section elementor-element elementor-element-99e1d74 elementor-section-boxed elementor-section-height-default elementor-section-height-default\" data-id=\"99e1d74\" data-element_type=\"section\">\n\t\t\t\t\t\t<div class=\"elementor-container elementor-column-gap-default\">\n\t\t\t\t\t<div class=\"elementor-column elementor-col-50 elementor-top-column elementor-element elementor-element-775139a\" data-id=\"775139a\" data-element_type=\"column\">\n\t\t\t<div class=\"elementor-widget-wrap elementor-element-populated\">\n\t\t\t\t\t\t<div class=\"elementor-element elementor-element-ec886e0 elementor-widget elementor-widget-text-editor\" data-id=\"ec886e0\" data-element_type=\"widget\" data-widget_type=\"text-editor.default\">\n\t\t\t\t<div class=\"elementor-widget-container\">\n\t\t\t\t\t\t\t\t\t<p>Schlauchstoff \u00fcber den Kopf ziehen. Mit dem Gummiband\u00a0 den Schlauchstoff so fixieren, dass das Kopftuch wie gew\u00fcnscht in der Lage stabil ist.<\/p><p><br \/>F\u00fcr eine bessere Passform:<\/p><ul><li style=\"list-style-type: none;\"><ul><li>Schlauch gerne auch schmaler n\u00e4hen (an der langen, geschlossenen Seite von oben bis untern ein Abn\u00e4her machen und den \u00fcbersch\u00fcssigen Stoff abschneiden).<\/li><li>an der offenen Seite den Stoff einmal umschlagen und festn\u00e4hen<\/li><\/ul><\/li><\/ul>\t\t\t\t\t\t\t\t<\/div>\n\t\t\t\t<\/div>\n\t\t\t\t\t<\/div>\n\t\t<\/div>\n\t\t\t\t<div class=\"elementor-column elementor-col-50 elementor-top-column elementor-element elementor-element-2c61736\" data-id=\"2c61736\" data-element_type=\"column\">\n\t\t\t<div class=\"elementor-widget-wrap elementor-element-populated\">\n\t\t\t\t\t\t<div class=\"elementor-element elementor-element-b2af08e elementor-widget elementor-widget-image\" data-id=\"b2af08e\" data-element_type=\"widget\" data-widget_type=\"image.default\">\n\t\t\t\t<div class=\"elementor-widget-container\">\n\t\t\t\t\t\t\t\t\t\t\t\t\t\t\t<img decoding=\"async\" width=\"525\" height=\"700\" src=\"https:\/\/corona-hilfe-versuch.com\/wp-content\/uploads\/2020\/09\/IMG_20200920_105131_klein-768x1024.jpg\" class=\"attachment-large size-large wp-image-114\" alt=\"\" srcset=\"https:\/\/corona-hilfe-versuch.com\/wp-content\/uploads\/2020\/09\/IMG_20200920_105131_klein-768x1024.jpg 768w, https:\/\/corona-hilfe-versuch.com\/wp-content\/uploads\/2020\/09\/IMG_20200920_105131_klein-225x300.jpg 225w, https:\/\/corona-hilfe-versuch.com\/wp-content\/uploads\/2020\/09\/IMG_20200920_105131_klein-1152x1536.jpg 1152w, https:\/\/corona-hilfe-versuch.com\/wp-content\/uploads\/2020\/09\/IMG_20200920_105131_klein.jpg 1248w\" sizes=\"100vw\" \/>\t\t\t\t\t\t\t\t\t\t\t\t\t\t\t<\/div>\n\t\t\t\t<\/div>\n\t\t\t\t\t<\/div>\n\t\t<\/div>\n\t\t\t\t\t<\/div>\n\t\t<\/section>\n\t\t\t\t<\/div>\n\t\t","protected":false},"excerpt":{"rendered":"<p>W\u00e4rmendes Kopf-Hals-Tuch Sie brauchen: Dehnbaren Baumwollstoff &#8211; Schlauchstoff (erh\u00e4ltlich im Stoffladen). In der Regel ist dieser Schlauchstoff ca. 30cm breit. In der L\u00e4nge haben wir 50cm gew\u00e4hlt. Ein St\u00fcck Gummiband. An einer Ecke den Schlauchstoff zusammenbinden. Schlauchstoff \u00fcber den Kopf ziehen. Mit dem Gummiband\u00a0 den Schlauchstoff so fixieren, dass das Kopftuch wie gew\u00fcnscht in der &hellip; <\/p>\n<p class=\"link-more\"><a href=\"https:\/\/corona-hilfe-versuch.com\/?page_id=110\" class=\"more-link\"><span class=\"screen-reader-text\">\u201eKopftuch\u201c <\/span>weiterlesen<\/a><\/p>\n","protected":false},"author":1,"featured_media":0,"parent":2,"menu_order":0,"comment_status":"closed","ping_status":"closed","template":"elementor_header_footer","meta":{"footnotes":""},"class_list":["post-110","page","type-page","status-publish","hentry"],"_links":{"self":[{"href":"https:\/\/corona-hilfe-versuch.com\/index.php?rest_route=\/wp\/v2\/pages\/110","targetHints":{"allow":["GET"]}}],"collection":[{"href":"https:\/\/corona-hilfe-versuch.com\/index.php?rest_route=\/wp\/v2\/pages"}],"about":[{"href":"https:\/\/corona-hilfe-versuch.com\/index.php?rest_route=\/wp\/v2\/types\/page"}],"author":[{"embeddable":true,"href":"https:\/\/corona-hilfe-versuch.com\/index.php?rest_route=\/wp\/v2\/users\/1"}],"replies":[{"embeddable":true,"href":"https:\/\/corona-hilfe-versuch.com\/index.php?rest_route=%2Fwp%2Fv2%2Fcomments&post=110"}],"version-history":[{"count":7,"href":"https:\/\/corona-hilfe-versuch.com\/index.php?rest_route=\/wp\/v2\/pages\/110\/revisions"}],"predecessor-version":[{"id":140,"href":"https:\/\/corona-hilfe-versuch.com\/index.php?rest_route=\/wp\/v2\/pages\/110\/revisions\/140"}],"up":[{"embeddable":true,"href":"https:\/\/corona-hilfe-versuch.com\/index.php?rest_route=\/wp\/v2\/pages\/2"}],"wp:attachment":[{"href":"https:\/\/corona-hilfe-versuch.com\/index.php?rest_route=%2Fwp%2Fv2%2Fmedia&parent=110"}],"curies":[{"name":"wp","href":"https:\/\/api.w.org\/{rel}","templated":true}]}}